{"id":919,"date":"2016-05-16T11:48:13","date_gmt":"2016-05-16T15:48:13","guid":{"rendered":"http:\/\/10.6.67.9\/?page_id=919"},"modified":"2026-03-09T16:22:09","modified_gmt":"2026-03-09T19:22:09","slug":"organigrama","status":"publish","type":"page","link":"https:\/\/www.hbvaldivia.cl\/portal\/index.php\/organigrama\/","title":{"rendered":""},"content":{"rendered":"\t\t<div data-elementor-type=\"wp-page\" data-elementor-id=\"919\" class=\"elementor elementor-919\">\n\t\t\t\t\t\t<section class=\"elementor-section elementor-top-section elementor-element elementor-element-5be4530 elementor-section-boxed elementor-section-height-default elementor-section-height-default\" data-id=\"5be4530\" data-element_type=\"section\">\n\t\t\t\t\t\t<div class=\"elementor-container elementor-column-gap-default\">\n\t\t\t\t\t<div class=\"elementor-column elementor-col-100 elementor-top-column elementor-element elementor-element-4687677\" data-id=\"4687677\" data-element_type=\"column\">\n\t\t\t<div class=\"elementor-widget-wrap elementor-element-populated\">\n\t\t\t\t\t\t<div class=\"elementor-element elementor-element-0a5b8a7 elementor-widget elementor-widget-html\" data-id=\"0a5b8a7\" data-element_type=\"widget\" data-widget_type=\"html.default\">\n\t\t\t\t<div class=\"elementor-widget-container\">\n\t\t\t\t\t<link href=\"https:\/\/cdn.jsdelivr.net\/npm\/bootstrap@5.3.3\/dist\/css\/bootstrap.min.css\" rel=\"stylesheet\">\r\n<link href=\"https:\/\/cdn.jsdelivr.net\/npm\/bootstrap-icons@1.11.3\/font\/bootstrap-icons.css\" rel=\"stylesheet\">\r\n\r\n<style>\r\n  .section-box {\r\n    background: #fff;\r\n    border-radius: 0.75rem;\r\n    box-shadow: 0 6px 18px rgba(0,0,0,.08);\r\n    padding: 2rem;\r\n  }\r\n  .card-custom {\r\n    border-radius: 0.75rem;\r\n    background: #fff;\r\n    border: 1px solid #dee2e6; \/* recuadro interno *\/\r\n    transition: transform .25s ease, box-shadow .25s ease;\r\n    height: 100%;\r\n    padding: 1.5rem;\r\n  }\r\n  .card-custom:hover {\r\n    transform: translateY(-6px);\r\n    box-shadow: 0 10px 25px rgba(0,0,0,.12);\r\n  }\r\n  .card-custom h5 {\r\n    font-weight: 700;\r\n    font-size: 1.1rem;\r\n    margin-bottom: 0.75rem;\r\n    color: #212529;\r\n    text-align: center;\r\n  }\r\n  .card-custom .btn {\r\n    border-radius: 0.5rem;\r\n    font-weight: 500;\r\n  }\r\n<\/style>\r\n\r\n<div class=\"container my-5\">\r\n  <div class=\"section-box\">\r\n    <div class=\"text-center mb-4\">\r\n      <h2 class=\"fw-bold text-primary\">\r\n        <i class=\"bi bi-diagram-3 me-2\"><\/i> Organigrama Hospital Base Valdivia\r\n      <\/h2>\r\n    <\/div>\r\n\r\n    <div class=\"row g-4 justify-content-center\">\r\n      <!-- Link 1 -->\r\n      <div class=\"col-12 col-md-6\">\r\n        <div class=\"card-custom d-flex flex-column justify-content-between\">\r\n          <h5><i class=\"bi bi-file-earmark-text me-2\"><\/i> Resoluci\u00f3n de Organigrama 2025<\/h5>\r\n          <div class=\"text-center mt-3\">\r\n            <a href=\"https:\/\/www.hbvaldivia.cl\/portal\/wp-content\/uploads\/organigrama\/organigrama-hbv-2025.pdf\" target=\"_blank\" \r\n               class=\"btn btn-primary\">\r\n              <i class=\"bi bi-download me-1\"><\/i> Click aqu\u00ed para Descargar\r\n            <\/a>\r\n          <\/div>\r\n        <\/div>\r\n      <\/div>\r\n\r\n      <!-- Link 2 -->\r\n      <div class=\"col-12 col-md-6\">\r\n        <div class=\"card-custom d-flex flex-column justify-content-between\">\r\n          <h5><i class=\"bi bi-diagram-2 me-2\"><\/i> Flujo de Organigrama 2025 (Completo)<\/h5>\r\n          <div class=\"text-center mt-3\">\r\n            <a href=\"https:\/\/www.hbvaldivia.cl\/portal\/wp-content\/uploads\/organigrama\/organigrama-hbv-2025.jpg\" target=\"_blank\" \r\n               class=\"btn btn-primary\">\r\n              <i class=\"bi bi-download me-1\"><\/i> Click aqu\u00ed para Descargar\r\n            <\/a>\r\n          <\/div>\r\n        <\/div>\r\n      <\/div>\r\n    <\/div>\r\n  <\/div>\r\n<\/div>\r\n\t\t\t\t<\/div>\n\t\t\t\t<\/div>\n\t\t\t\t\t<\/div>\n\t\t<\/div>\n\t\t\t\t\t<\/div>\n\t\t<\/section>\n\t\t\t\t<\/div>\n\t\t","protected":false},"excerpt":{"rendered":"<p>Organigrama Hospital Base Valdivia Resoluci\u00f3n de Organigrama 2025 Click aqu\u00ed para Descargar Flujo de Organigrama 2025 (Completo) Click aqu\u00ed para Descargar<\/p>\n","protected":false},"author":1,"featured_media":0,"parent":0,"menu_order":0,"comment_status":"closed","ping_status":"closed","template":"","meta":{"_acf_changed":false,"_uag_custom_page_level_css":"","footnotes":""},"class_list":["post-919","page","type-page","status-publish","hentry"],"acf":[],"uagb_featured_image_src":{"full":false,"thumbnail":false,"medium":false,"medium_large":false,"large":false,"1536x1536":false,"2048x2048":false,"list_articles_thumbs":false,"slider_thumbs":false},"uagb_author_info":{"display_name":"@dministrador","author_link":"https:\/\/www.hbvaldivia.cl\/portal\/index.php\/author\/dministrador\/"},"uagb_comment_info":0,"uagb_excerpt":"Organigrama Hospital Base Valdivia Resoluci\u00f3n de Organigrama 2025 Click aqu\u00ed para Descargar Flujo de Organigrama 2025 (Completo) Click aqu\u00ed para Descargar","_links":{"self":[{"href":"https:\/\/www.hbvaldivia.cl\/portal\/index.php\/wp-json\/wp\/v2\/pages\/919","targetHints":{"allow":["GET"]}}],"collection":[{"href":"https:\/\/www.hbvaldivia.cl\/portal\/index.php\/wp-json\/wp\/v2\/pages"}],"about":[{"href":"https:\/\/www.hbvaldivia.cl\/portal\/index.php\/wp-json\/wp\/v2\/types\/page"}],"author":[{"embeddable":true,"href":"https:\/\/www.hbvaldivia.cl\/portal\/index.php\/wp-json\/wp\/v2\/users\/1"}],"replies":[{"embeddable":true,"href":"https:\/\/www.hbvaldivia.cl\/portal\/index.php\/wp-json\/wp\/v2\/comments?post=919"}],"version-history":[{"count":73,"href":"https:\/\/www.hbvaldivia.cl\/portal\/index.php\/wp-json\/wp\/v2\/pages\/919\/revisions"}],"predecessor-version":[{"id":10563,"href":"https:\/\/www.hbvaldivia.cl\/portal\/index.php\/wp-json\/wp\/v2\/pages\/919\/revisions\/10563"}],"wp:attachment":[{"href":"https:\/\/www.hbvaldivia.cl\/portal\/index.php\/wp-json\/wp\/v2\/media?parent=919"}],"curies":[{"name":"wp","href":"https:\/\/api.w.org\/{rel}","templated":true}]}}