{"id":905,"date":"2016-05-15T15:58:25","date_gmt":"2016-05-15T19:58:25","guid":{"rendered":"http:\/\/10.6.67.9\/?page_id=905"},"modified":"2025-09-02T18:51:49","modified_gmt":"2025-09-02T21:51:49","slug":"mision-vision","status":"publish","type":"page","link":"https:\/\/www.hbvaldivia.cl\/portal\/index.php\/mision-vision\/","title":{"rendered":""},"content":{"rendered":"\t\t<div data-elementor-type=\"wp-page\" data-elementor-id=\"905\" class=\"elementor elementor-905\">\n\t\t\t\t\t\t<section class=\"elementor-section elementor-top-section elementor-element elementor-element-6bc094d4 elementor-section-boxed elementor-section-height-default elementor-section-height-default\" data-id=\"6bc094d4\" data-element_type=\"section\">\n\t\t\t\t\t\t<div class=\"elementor-container elementor-column-gap-default\">\n\t\t\t\t\t<div class=\"elementor-column elementor-col-100 elementor-top-column elementor-element elementor-element-2266ddf8\" data-id=\"2266ddf8\" data-element_type=\"column\">\n\t\t\t<div class=\"elementor-widget-wrap elementor-element-populated\">\n\t\t\t\t\t\t<div class=\"elementor-element elementor-element-70434a57 elementor-widget elementor-widget-text-editor\" data-id=\"70434a57\" data-element_type=\"widget\" data-widget_type=\"text-editor.default\">\n\t\t\t\t<div class=\"elementor-widget-container\">\n\t\t\t\t\t\t\t\t\t\n\n\n\n<section class=\"objetivos py-5 bg-light\">\n  <div class=\"container\">\n    <!-- Banner -->\n    <div class=\"row mb-4\">\n      <div class=\"col-12\">\n        <div class=\"w-full\"><img decoding=\"async\" class=\"w-full h-auto object-cover\" src=\"https:\/\/www.hbvaldivia.cl\/portal\/wp-content\/uploads\/2016\/12\/banner.png\" alt=\"Banner Hospital Base Valdivia\" \/><\/div>\n    <\/div>\n\n    <!-- T\u00edtulo -->\n    <div class=\"row mb-5\">\n      <div class=\"col-12 text-center\">\n        <h2 class=\"fw-bold text-primary\">Objetivos<\/h2>\n      <\/div>\n    <\/div>\n\n    <!-- Misi\u00f3n y Visi\u00f3n -->\n    <div class=\"row g-4\">\n      <!-- Misi\u00f3n -->\n      <div class=\"col-md-6\">\n        <div class=\"card h-100 shadow-sm border-0\">\n          <div class=\"card-body\">\n            <h3 class=\"card-title text-center text-dark fw-semibold\">Misi\u00f3n<\/h3>\n            <p class=\"card-text text-justify\">\n              Somos un Establecimiento de Salud Asistencial-Docente que desarrolla procesos cl\u00ednicos complejos con excelencia, \n              para contribuir al logro de los objetivos sanitarios del pa\u00eds, con la participaci\u00f3n activa de la comunidad organizada.\n            <\/p>\n          <\/div>\n        <\/div>\n      <\/div>\n\n      <!-- Visi\u00f3n -->\n      <div class=\"col-md-6\">\n        <div class=\"card h-100 shadow-sm border-0\">\n          <div class=\"card-body\">\n            <h3 class=\"card-title text-center text-dark fw-semibold\">Visi\u00f3n<\/h3>\n            <p class=\"card-text text-justify\">\n              Ser un Establecimiento P\u00fablico de Salud, complejo, Autogestionado, en Red, que contribuya a la formaci\u00f3n del recurso humano, \n              que garantice a los usuarios calidad, oportunidad y equidad en la atenci\u00f3n, con funcionarios plenamente competentes y comprometidos, \n              siendo preferido en el Sur por la Excelencia de sus Servicios.\n            <\/p>\n          <\/div>\n        <\/div>\n      <\/div>\n    <\/div>\n  <\/div>\n<\/section>\n\t\t\t\t\t\t\t\t<\/div>\n\t\t\t\t<\/div>\n\t\t\t\t\t<\/div>\n\t\t<\/div>\n\t\t\t\t\t<\/div>\n\t\t<\/section>\n\t\t\t\t<\/div>\n\t\t","protected":false},"excerpt":{"rendered":"<p>Objetivos Misi\u00f3n Somos un Establecimiento de Salud Asistencial-Docente que desarrolla procesos cl\u00ednicos complejos con excelencia, para contribuir al logro de los objetivos sanitarios del pa\u00eds, con la participaci\u00f3n activa de la comunidad organizada. Visi\u00f3n Ser un Establecimiento P\u00fablico de Salud, complejo, Autogestionado, en Red, que contribuya a la formaci\u00f3n del recurso humano, que garantice a [&hellip;]<\/p>\n","protected":false},"author":1,"featured_media":0,"parent":0,"menu_order":0,"comment_status":"closed","ping_status":"closed","template":"","meta":{"_acf_changed":false,"_uag_custom_page_level_css":"","footnotes":""},"class_list":["post-905","page","type-page","status-publish","hentry"],"acf":[],"uagb_featured_image_src":{"full":false,"thumbnail":false,"medium":false,"medium_large":false,"large":false,"1536x1536":false,"2048x2048":false,"list_articles_thumbs":false,"slider_thumbs":false},"uagb_author_info":{"display_name":"@dministrador","author_link":"https:\/\/www.hbvaldivia.cl\/portal\/index.php\/author\/dministrador\/"},"uagb_comment_info":0,"uagb_excerpt":"Objetivos Misi\u00f3n Somos un Establecimiento de Salud Asistencial-Docente que desarrolla procesos cl\u00ednicos complejos con excelencia, para contribuir al logro de los objetivos sanitarios del pa\u00eds, con la participaci\u00f3n activa de la comunidad organizada. Visi\u00f3n Ser un Establecimiento P\u00fablico de Salud, complejo, Autogestionado, en Red, que contribuya a la formaci\u00f3n del recurso humano, que garantice a&hellip;","_links":{"self":[{"href":"https:\/\/www.hbvaldivia.cl\/portal\/index.php\/wp-json\/wp\/v2\/pages\/905","targetHints":{"allow":["GET"]}}],"collection":[{"href":"https:\/\/www.hbvaldivia.cl\/portal\/index.php\/wp-json\/wp\/v2\/pages"}],"about":[{"href":"https:\/\/www.hbvaldivia.cl\/portal\/index.php\/wp-json\/wp\/v2\/types\/page"}],"author":[{"embeddable":true,"href":"https:\/\/www.hbvaldivia.cl\/portal\/index.php\/wp-json\/wp\/v2\/users\/1"}],"replies":[{"embeddable":true,"href":"https:\/\/www.hbvaldivia.cl\/portal\/index.php\/wp-json\/wp\/v2\/comments?post=905"}],"version-history":[{"count":15,"href":"https:\/\/www.hbvaldivia.cl\/portal\/index.php\/wp-json\/wp\/v2\/pages\/905\/revisions"}],"predecessor-version":[{"id":9273,"href":"https:\/\/www.hbvaldivia.cl\/portal\/index.php\/wp-json\/wp\/v2\/pages\/905\/revisions\/9273"}],"wp:attachment":[{"href":"https:\/\/www.hbvaldivia.cl\/portal\/index.php\/wp-json\/wp\/v2\/media?parent=905"}],"curies":[{"name":"wp","href":"https:\/\/api.w.org\/{rel}","templated":true}]}}