{"id":9018,"date":"2025-09-01T13:17:14","date_gmt":"2025-09-01T16:17:14","guid":{"rendered":"http:\/\/10.6.206.88\/portal\/?page_id=9018"},"modified":"2025-12-12T12:27:04","modified_gmt":"2025-12-12T15:27:04","slug":"menu-rrhh","status":"publish","type":"page","link":"https:\/\/www.hbvaldivia.cl\/portal\/index.php\/menu-rrhh\/","title":{"rendered":""},"content":{"rendered":"\t\t<div data-elementor-type=\"wp-page\" data-elementor-id=\"9018\" class=\"elementor elementor-9018\">\n\t\t\t\t\t\t<section class=\"elementor-section elementor-top-section elementor-element elementor-element-7663831 elementor-section-boxed elementor-section-height-default elementor-section-height-default\" data-id=\"7663831\" data-element_type=\"section\">\n\t\t\t\t\t\t<div class=\"elementor-container elementor-column-gap-default\">\n\t\t\t\t\t<div class=\"elementor-column elementor-col-100 elementor-top-column elementor-element elementor-element-00cf687\" data-id=\"00cf687\" data-element_type=\"column\">\n\t\t\t<div class=\"elementor-widget-wrap elementor-element-populated\">\n\t\t\t\t\t\t<div class=\"elementor-element elementor-element-69af660 elementor-widget elementor-widget-html\" data-id=\"69af660\" data-element_type=\"widget\" data-widget_type=\"html.default\">\n\t\t\t\t<div class=\"elementor-widget-container\">\n\t\t\t\t\t\r\n<link href=\"https:\/\/cdn.jsdelivr.net\/npm\/bootstrap@5.3.3\/dist\/css\/bootstrap.min.css\" rel=\"stylesheet\">\r\n<link href=\"https:\/\/cdn.jsdelivr.net\/npm\/bootstrap-icons@1.11.3\/font\/bootstrap-icons.css\" rel=\"stylesheet\">\r\n\r\n<style>\r\n  .docs-section {\r\n    background: #fff;\r\n    border-radius: 1rem;\r\n    padding: 2rem;\r\n    box-shadow: 0 6px 18px rgba(0,0,0,.08);\r\n  }\r\n  .docs-section h2 {\r\n    font-weight: 700;\r\n    font-size: 1.8rem;\r\n    color: #0d6efd;\r\n    margin-bottom: 1rem;\r\n  }\r\n  .docs-section h4 {\r\n    font-weight: 600;\r\n    margin-top: 1.5rem;\r\n    font-size: 1.2rem;\r\n    color: #495057;\r\n  }\r\n  .docs-item {\r\n    margin-bottom: .75rem;\r\n    font-size: .95rem;\r\n  }\r\n  .docs-icon {\r\n    font-size: 1.2rem;\r\n    color: #0d6efd;\r\n    flex-shrink: 0;\r\n  }\r\n  .docs-section a {\r\n    font-weight: 500;\r\n    text-decoration: none;\r\n  }\r\n  .badge-obligatorio { background-color: #dc3545; }\r\n  .badge-deseable { background-color: #198754; }\r\n\r\n  .process-menu { text-align: center; }\r\n  .process-menu h2 { font-weight: 700; font-size: 1.7rem; margin-bottom: .5rem; }\r\n  .process-menu p.lead { color: #555; font-size: .95rem; margin-bottom: 2rem; }\r\n\r\n  .process-tile {\r\n    border-radius: 1rem;\r\n    padding: 1.5rem 1rem;\r\n    min-height: 210px;\r\n    transition: transform .25s ease, box-shadow .25s ease;\r\n    display: flex;\r\n    flex-direction: column;\r\n    justify-content: space-between;\r\n  }\r\n  .process-tile:hover { transform: translateY(-6px); box-shadow: 0 10px 25px rgba(0,0,0,.15); }\r\n  .process-icon { font-size: 2rem; margin-bottom: .5rem; }\r\n  .process-tile h5 { font-weight: 600; margin-bottom: .25rem; font-size: 1.05rem; }\r\n  .process-tile p { margin-bottom: .5rem; font-size: .85rem; }\r\n  .process-link { font-weight: 500; font-size: .85rem; display: inline-flex; align-items: center; gap: .35rem; }\r\n  .process-link i { font-size: 1rem; }\r\n\r\n  .tile-interno { background: linear-gradient(135deg,#5B7FFF,#8EC5FF); color:#0c2340; }\r\n  .tile-externo { background: linear-gradient(135deg,#FF7E5F,#FEB47B); color:#3a1a00; }\r\n\r\n  .process-tile h5, .process-tile p, .process-icon, .process-link { color: rgba(0,0,0,.85); }\r\n<\/style>\r\n\r\n<div class=\"container my-5\">\r\n  <div class=\"docs-section\">\r\n    <h2><i class=\"bi bi-folder-check me-2\"><\/i>Documentos Solicitados a la Hora de Postular<\/h2>\r\n    <ul class=\"list-unstyled\">\r\n      <li class=\"docs-item d-flex align-items-start gap-2\">\r\n        <i class=\"bi bi-file-earmark-text docs-icon\"><\/i>\r\n        <span>Certificado de t\u00edtulo\/t\u00e9cnico\/licencia de ense\u00f1anza media (seg\u00fan corresponda) \r\n          <span class=\"badge badge-obligatorio\">Obligatorio<\/span><\/span>\r\n      <\/li>\r\n      <li class=\"docs-item d-flex align-items-start gap-2\">\r\n        <i class=\"bi bi-file-earmark-medical docs-icon\"><\/i>\r\n        <span>Certificado de Registro de inscripci\u00f3n en la Superintendencia de Salud. \r\n          <a href=\"https:\/\/rnpi.superdesalud.gob.cl\/#\" target=\"_blank\" class=\"link-primary\">[Enlace]<\/a> (seg\u00fan corresponda)<\/span>\r\n      <\/li>\r\n      <li class=\"docs-item d-flex align-items-start gap-2\">\r\n        <i class=\"bi bi-file-earmark-ruled docs-icon\"><\/i>\r\n        <span>Copias simples de certificados de capacitaci\u00f3n solicitadas y\/o reporte hist\u00f3rico de capacitaciones firmado y timbrado.<\/span>\r\n      <\/li>\r\n      <li class=\"docs-item d-flex align-items-start gap-2\">\r\n        <i class=\"bi bi-archive docs-icon\"><\/i>\r\n        <span>Certificados o documentos que acrediten experiencia: contratos, finiquitos, certificados de desempe\u00f1o, etc. con fechas claras (d\u00eda, mes, a\u00f1o).<\/span>\r\n      <\/li>\r\n      <li class=\"docs-item d-flex align-items-start gap-2\">\r\n        <i class=\"bi bi-shield-check docs-icon\"><\/i>\r\n        <span>Certificado de Situaci\u00f3n Militar al d\u00eda \r\n          <a href=\"https:\/\/dgmn.cerofilas.gob.cl\/\" target=\"_blank\" class=\"link-primary\">[Enlace]<\/a> \r\n          <span class=\"badge badge-obligatorio\">Obligatorio hombres<\/span><\/span>\r\n      <\/li>\r\n      <li class=\"docs-item d-flex align-items-start gap-2\">\r\n        <i class=\"bi bi-person-badge docs-icon\"><\/i>\r\n        <span>CV formato libre (propio).<\/span>\r\n      <\/li>\r\n    <\/ul>\r\n\r\n    <h4><i class=\"bi bi-journal-text me-2\"><\/i>Documentos adicionales (deseables)<\/h4>\r\n    <ul class=\"list-unstyled\">\r\n      <li class=\"docs-item d-flex align-items-start gap-2\">\r\n        <i class=\"bi bi-card-text docs-icon\"><\/i>\r\n        <span>C\u00e9dula de identidad vigente \ud83c\udd94 <span class=\"badge badge-deseable\">Deseable<\/span><\/span>\r\n      <\/li>\r\n      <li class=\"docs-item d-flex align-items-start gap-2\">\r\n        <i class=\"bi bi-exclamation-triangle docs-icon\"><\/i>\r\n        <span>Certificado de inhabilidades para trabajar con menores de edad \r\n          <a href=\"https:\/\/inhabilidades.srcei.cl\/ConsInhab\/consultaInhabilidad.do\" target=\"_blank\" class=\"link-primary\">[Consulta aqu\u00ed]<\/a> \r\n          <span class=\"badge badge-deseable\">Deseable<\/span><\/span>\r\n      <\/li>\r\n    <\/ul>\r\n  <\/div>\r\n<\/div>\r\n\r\n<div class=\"container my-5 process-menu\">\r\n  <h2>Procesos de Selecci\u00f3n<\/h2>\r\n  <p class=\"lead\">Elige el tipo de proceso seg\u00fan corresponda: <strong>Interno<\/strong> (exclusivo para personal del Hospital o red del Servicio de Salud Los R\u00edos) o <strong>Externo<\/strong> (abierto a toda la comunidad).<\/p>\r\n\r\n  <div class=\"row g-4 justify-content-center\">\r\n    <div class=\"col-12 col-md-5\">\r\n      <a href=\"https:\/\/www.hbvaldivia.cl\/portal\/index.php\/proce-int\/\" class=\"text-decoration-none\">\r\n        <div class=\"process-tile tile-interno\">\r\n          <div>\r\n            <div class=\"process-icon\"><i class=\"bi bi-building-lock\"><\/i><\/div>\r\n            <h5>Proceso Interno<\/h5>\r\n            <p>Postulaci\u00f3n exclusiva para funcionarios ya pertenecientes a la red de Salud.<\/p>\r\n          <\/div>\r\n          <div class=\"process-link\">Ver procesos internos <i class=\"bi bi-arrow-right\"><\/i><\/div>\r\n        <\/div>\r\n      <\/a>\r\n    <\/div>\r\n\r\n    <div class=\"col-12 col-md-5\">\r\n      <a href=\"https:\/\/www.hbvaldivia.cl\/portal\/index.php\/proce-exter\/\" class=\"text-decoration-none\">\r\n        <div class=\"process-tile tile-externo\">\r\n          <div>\r\n            <div class=\"process-icon\"><i class=\"bi bi-people\"><\/i><\/div>\r\n            <h5>Proceso Externo<\/h5>\r\n            <p>Abierto a postulantes internos y externos al establecimiento.<\/p>\r\n          <\/div>\r\n          <div class=\"process-link\">Ver procesos externos <i class=\"bi bi-arrow-right\"><\/i><\/div>\r\n        <\/div>\r\n      <\/a>\r\n    <\/div>\r\n  <\/div>\r\n<\/div>\r\n\r\n\r\n<style>\r\n.video-card {\r\n    transition: transform .3s ease, box-shadow .3s ease;\r\n    border-radius: 1rem !important;\r\n}\r\n\r\n.video-card:hover {\r\n    transform: translateY(-6px);\r\n    box-shadow: 0 12px 28px rgba(0,0,0,.15);\r\n}\r\n\r\n.play-btn {\r\n    position: absolute;\r\n    top: 50%;\r\n    left: 50%;\r\n    transform: translate(-50%, -50%);\r\n    width: 75px;\r\n    height: 75px;\r\n    display: flex;\r\n    justify-content: center;\r\n    align-items: center;\r\n    opacity: .9;\r\n    transition: transform .2s ease;\r\n}\r\n\r\n.play-btn:hover {\r\n    transform: translate(-50%, -50%) scale(1.1);\r\n    opacity: 1;\r\n}\r\n\r\n.thumb {\r\n    height: 240px;\r\n    background-size: cover;\r\n    background-position: center;\r\n    background-repeat: no-repeat;\r\n    border-radius: 1rem 1rem 0 0;\r\n}\r\n\r\n<\/style>\r\n\r\n<div class=\"container my-5\">\r\n    <h2 class=\"text-center fw-bold mb-4\">Videos Informativos<\/h2>\r\n    <p class=\"text-center text-muted mb-5\">Haz clic en un video para reproducirlo.<\/p>\r\n\r\n    <div class=\"row g-4 justify-content-center\">\r\n\r\n        <div class=\"col-12 col-md-5\">\r\n            <div class=\"card border-0 shadow-lg video-card\">\r\n                <div class=\"position-relative\">\r\n                    <img decoding=\"async\" src=\"https:\/\/img.youtube.com\/vi\/hl4E8efH7Rk\/maxresdefault.jpg\" class=\"thumb\" alt=\"Video 1\">\r\n\r\n                    <button class=\"btn btn-light rounded-circle shadow-lg play-btn\"\r\n                        data-video=\"https:\/\/www.youtube.com\/embed\/hl4E8efH7Rk?autoplay=1\"\r\n                        data-bs-toggle=\"modal\"\r\n                        data-bs-target=\"#videoDynamicModal\">\r\n                        <i class=\"bi bi-play-fill fs-2 text-primary\"><\/i>\r\n                    <\/button>\r\n                <\/div>\r\n\r\n                <div class=\"card-body\">\r\n                    <h5 class=\"fw-bold mb-2\">Introducci\u00f3n al Proceso<\/h5>\r\n                    <p class=\"text-muted small\">Video explicativo sobre los documentos y requisitos.<\/p>\r\n                <\/div>\r\n            <\/div>\r\n        <\/div>\r\n\r\n        <div class=\"col-12 col-md-5\">\r\n            <div class=\"card border-0 shadow-lg video-card\">\r\n                <div class=\"position-relative\">\r\n                    <img decoding=\"async\" src=\"https:\/\/img.youtube.com\/vi\/PdirGti7q50\/maxresdefault.jpg\" class=\"thumb\" alt=\"Video 2\">\r\n\r\n                    <button class=\"btn btn-light rounded-circle shadow-lg play-btn\"\r\n                        data-video=\"https:\/\/www.youtube.com\/embed\/PdirGti7q50?autoplay=1&start=392\"\r\n                        data-bs-toggle=\"modal\"\r\n                        data-bs-target=\"#videoDynamicModal\">\r\n                        <i class=\"bi bi-play-fill fs-2 text-primary\"><\/i>\r\n                    <\/button>\r\n                <\/div>\r\n\r\n                <div class=\"card-body\">\r\n                    <h5 class=\"fw-bold mb-2\">Gu\u00eda de Postulaci\u00f3n<\/h5>\r\n                    <p class=\"text-muted small\">Instrucciones claras para postular de forma correcta.<\/p>\r\n                <\/div>\r\n            <\/div>\r\n        <\/div>\r\n\r\n    <\/div>\r\n<\/div>\r\n\r\n\r\n<div class=\"modal fade\" id=\"videoDynamicModal\" tabindex=\"-1\">\r\n  <div class=\"modal-dialog modal-lg modal-dialog-centered\">\r\n    <div class=\"modal-content border-0\">\r\n      <div class=\"ratio ratio-16x9\">\r\n        <iframe id=\"videoFrame\" src=\"\" allow=\"autoplay\" allowfullscreen><\/iframe>\r\n      <\/div>\r\n    <\/div>\r\n  <\/div>\r\n<\/div>\r\n\r\n<script>\r\ndocument.addEventListener(\"DOMContentLoaded\", function () {\r\n\r\n    const modal = document.getElementById(\"videoDynamicModal\");\r\n    const iframe = document.getElementById(\"videoFrame\");\r\n\r\n    document.querySelectorAll(\".play-btn\").forEach(btn => {\r\n        btn.addEventListener(\"click\", function () {\r\n            iframe.src = this.dataset.video;\r\n        });\r\n    });\r\n\r\n    modal.addEventListener(\"hidden.bs.modal\", function () {\r\n        iframe.src = \"\";\r\n    });\r\n\r\n});\r\n<\/script>\r\n\r\n\r\n\r\n<script src=\"https:\/\/cdn.jsdelivr.net\/npm\/bootstrap@5.3.3\/dist\/js\/bootstrap.bundle.min.js\"><\/script>\r\n\t\t\t\t<\/div>\n\t\t\t\t<\/div>\n\t\t\t\t\t<\/div>\n\t\t<\/div>\n\t\t\t\t\t<\/div>\n\t\t<\/section>\n\t\t\t\t<\/div>\n\t\t","protected":false},"excerpt":{"rendered":"<p>Documentos Solicitados a la Hora de Postular Certificado de t\u00edtulo\/t\u00e9cnico\/licencia de ense\u00f1anza media (seg\u00fan corresponda) Obligatorio Certificado de Registro de inscripci\u00f3n en la Superintendencia de Salud. [Enlace] (seg\u00fan corresponda) Copias simples de certificados de capacitaci\u00f3n solicitadas y\/o reporte hist\u00f3rico de capacitaciones firmado y timbrado. Certificados o documentos que acrediten experiencia: contratos, finiquitos, certificados de desempe\u00f1o, [&hellip;]<\/p>\n","protected":false},"author":10,"featured_media":0,"parent":0,"menu_order":0,"comment_status":"closed","ping_status":"closed","template":"","meta":{"_acf_changed":false,"_uag_custom_page_level_css":"","footnotes":""},"class_list":["post-9018","page","type-page","status-publish","hentry"],"acf":[],"uagb_featured_image_src":{"full":false,"thumbnail":false,"medium":false,"medium_large":false,"large":false,"1536x1536":false,"2048x2048":false,"list_articles_thumbs":false,"slider_thumbs":false},"uagb_author_info":{"display_name":"Cristian Arrey","author_link":"https:\/\/www.hbvaldivia.cl\/portal\/index.php\/author\/cristian-arrey\/"},"uagb_comment_info":0,"uagb_excerpt":"Documentos Solicitados a la Hora de Postular Certificado de t\u00edtulo\/t\u00e9cnico\/licencia de ense\u00f1anza media (seg\u00fan corresponda) Obligatorio Certificado de Registro de inscripci\u00f3n en la Superintendencia de Salud. [Enlace] (seg\u00fan corresponda) Copias simples de certificados de capacitaci\u00f3n solicitadas y\/o reporte hist\u00f3rico de capacitaciones firmado y timbrado. Certificados o documentos que acrediten experiencia: contratos, finiquitos, certificados de desempe\u00f1o,&hellip;","_links":{"self":[{"href":"https:\/\/www.hbvaldivia.cl\/portal\/index.php\/wp-json\/wp\/v2\/pages\/9018","targetHints":{"allow":["GET"]}}],"collection":[{"href":"https:\/\/www.hbvaldivia.cl\/portal\/index.php\/wp-json\/wp\/v2\/pages"}],"about":[{"href":"https:\/\/www.hbvaldivia.cl\/portal\/index.php\/wp-json\/wp\/v2\/types\/page"}],"author":[{"embeddable":true,"href":"https:\/\/www.hbvaldivia.cl\/portal\/index.php\/wp-json\/wp\/v2\/users\/10"}],"replies":[{"embeddable":true,"href":"https:\/\/www.hbvaldivia.cl\/portal\/index.php\/wp-json\/wp\/v2\/comments?post=9018"}],"version-history":[{"count":52,"href":"https:\/\/www.hbvaldivia.cl\/portal\/index.php\/wp-json\/wp\/v2\/pages\/9018\/revisions"}],"predecessor-version":[{"id":10173,"href":"https:\/\/www.hbvaldivia.cl\/portal\/index.php\/wp-json\/wp\/v2\/pages\/9018\/revisions\/10173"}],"wp:attachment":[{"href":"https:\/\/www.hbvaldivia.cl\/portal\/index.php\/wp-json\/wp\/v2\/media?parent=9018"}],"curies":[{"name":"wp","href":"https:\/\/api.w.org\/{rel}","templated":true}]}}