{"id":6657,"date":"2024-06-17T10:19:13","date_gmt":"2024-06-17T13:19:13","guid":{"rendered":"http:\/\/10.6.206.88\/portal\/?page_id=6657"},"modified":"2025-09-04T10:34:14","modified_gmt":"2025-09-04T13:34:14","slug":"ley-mila","status":"publish","type":"page","link":"https:\/\/www.hbvaldivia.cl\/portal\/index.php\/ley-mila\/","title":{"rendered":"Ley Mila"},"content":{"rendered":"\t\t<div data-elementor-type=\"wp-page\" data-elementor-id=\"6657\" class=\"elementor elementor-6657\">\n\t\t\t\t\t\t<section class=\"elementor-section elementor-top-section elementor-element elementor-element-28234dd elementor-section-boxed elementor-section-height-default elementor-section-height-default\" data-id=\"28234dd\" data-element_type=\"section\">\n\t\t\t\t\t\t<div class=\"elementor-container elementor-column-gap-default\">\n\t\t\t\t\t<div class=\"elementor-column elementor-col-100 elementor-top-column elementor-element elementor-element-7c07937\" data-id=\"7c07937\" data-element_type=\"column\">\n\t\t\t<div class=\"elementor-widget-wrap elementor-element-populated\">\n\t\t\t\t\t\t<div class=\"elementor-element elementor-element-59c195f elementor-widget elementor-widget-image\" data-id=\"59c195f\" data-element_type=\"widget\" data-widget_type=\"image.default\">\n\t\t\t\t<div class=\"elementor-widget-container\">\n\t\t\t\t\t\t\t\t\t\t\t\t\t\t\t<img fetchpriority=\"high\" decoding=\"async\" width=\"1000\" height=\"313\" src=\"https:\/\/www.hbvaldivia.cl\/portal\/wp-content\/uploads\/2024\/06\/banner-320-x100.png\" class=\"attachment-large size-large wp-image-6661\" alt=\"ley-mila\" srcset=\"https:\/\/www.hbvaldivia.cl\/portal\/wp-content\/uploads\/2024\/06\/banner-320-x100.png 1000w, https:\/\/www.hbvaldivia.cl\/portal\/wp-content\/uploads\/2024\/06\/banner-320-x100-300x94.png 300w, https:\/\/www.hbvaldivia.cl\/portal\/wp-content\/uploads\/2024\/06\/banner-320-x100-639x200.png 639w\" sizes=\"(max-width: 1000px) 100vw, 1000px\" \/>\t\t\t\t\t\t\t\t\t\t\t\t\t\t\t<\/div>\n\t\t\t\t<\/div>\n\t\t\t\t\t<\/div>\n\t\t<\/div>\n\t\t\t\t\t<\/div>\n\t\t<\/section>\n\t\t\t\t<section class=\"elementor-section elementor-top-section elementor-element elementor-element-8e357df elementor-section-boxed elementor-section-height-default elementor-section-height-default\" data-id=\"8e357df\" data-element_type=\"section\">\n\t\t\t\t\t\t<div class=\"elementor-container elementor-column-gap-default\">\n\t\t\t\t\t<div class=\"elementor-column elementor-col-100 elementor-top-column elementor-element elementor-element-f0f49a9\" data-id=\"f0f49a9\" data-element_type=\"column\">\n\t\t\t<div class=\"elementor-widget-wrap elementor-element-populated\">\n\t\t\t\t\t\t<div class=\"elementor-element elementor-element-f73d87e elementor-widget elementor-widget-text-editor\" data-id=\"f73d87e\" data-element_type=\"widget\" data-widget_type=\"text-editor.default\">\n\t\t\t\t<div class=\"elementor-widget-container\">\n\t\t\t\t\t\t\t\t\t<section class=\"ley-mila py-5 bg-light\">\n  <div class=\"container\">\n\n    <h2 class=\"text-center text-primary fw-bold mb-4\">\n      Ley Mila (N\u00b021.372)\n    <\/h2>\n    <h5 class=\"text-center text-dark fw-semibold mb-5\">\n      Derecho al acompa\u00f1amiento en la atenci\u00f3n de salud\n    <\/h5>\n\n    <div class=\"card border-0 rounded-4 mb-5\">\n      <div class=\"card-body p-4\">\n        <p class=\"fs-5 text-dark\">\n          La <strong>Ley N\u00b021.372<\/strong>, conocida como <strong>\u201cLey Mila\u201d<\/strong>, modifica la Ley N\u00b020.584 de \u201cDerechos y deberes del paciente\u201d, reconociendo el \n          <strong>derecho al acompa\u00f1amiento de ni\u00f1os, ni\u00f1as y adolescentes (NNA)<\/strong> durante su atenci\u00f3n de salud y de \n          <strong>mujeres o personas gestantes<\/strong> durante el trabajo de parto, estableciendo medidas especiales en relaci\u00f3n con el trato digno y respetuoso hacia las personas que brindan acompa\u00f1amiento.\n        <\/p>\n        <p class=\"text-dark\">\n          Lo anterior, considerando que el acompa\u00f1amiento de NNA durante la hospitalizaci\u00f3n y atenci\u00f3n ambulatoria es un elemento esencial para la recuperaci\u00f3n de la salud, dado que \u00e9sta puede generar estr\u00e9s elevando los niveles de angustia y ansiedad, afectando la recuperaci\u00f3n de la salud.\n        <\/p>\n        <p class=\"text-dark\">\n          El acompa\u00f1amiento por parte de una persona significativa le otorga seguridad, protecci\u00f3n y bienestar. De esta misma manera, el acompa\u00f1amiento a mujeres o personas gestantes en el proceso de parto ejerce un rol contenedor, disminuyendo su estr\u00e9s, dolor y ansiedad, facilitando este proceso y mejorando su experiencia.\n        <\/p>\n        <p class=\"text-dark\">\n          Mediante el Decreto N\u00b0 39 exento de 19-05-2022, el Ministerio de Salud aprob\u00f3 la <strong>\u201cNORMA T\u00c9CNICA ADMINISTRATIVA N\u00b0 222 de la Ley N\u00b0 21.372 PARA EL ACOMPA\u00d1AMIENTO DE NI\u00d1OS, NI\u00d1AS Y ADOLESCENTES EN ACCIONES VINCULADAS A LA ATENCI\u00d3N DE SALUD Y A MUJERES O PERSONAS GESTANTES DURANTE EL PROCESO DE PARTO\u201d<\/strong>.\n        <\/p>\n        <p class=\"text-dark\">\n          Esta Norma t\u00e9cnica precisa que el ministerio de Salud adopt\u00f3 el a\u00f1o 1995 la definici\u00f3n de la Organizaci\u00f3n Mundial de la Salud (OMS) para poblaci\u00f3n \u201cadolescente\u201d, quedando \u00e9sta dentro del rango etario de los 10 a 19 a\u00f1os. Precisa que la adolescencia se divide en: adolescencia temprana (10 a 13 a\u00f1os), adolescencia media (14 a 16 a\u00f1os) y adolescencia tard\u00eda (17 a 19 a\u00f1os).\n        <\/p>\n        <p class=\"text-dark\">\n          La misma Norma t\u00e9cnica fundamenta y detalla los principios bio\u00e9ticos involucrados en el derecho a acompa\u00f1amiento de este grupo; el inter\u00e9s superior de NNA, las excepciones; el resguardo de la privacidad e intimidad; la oportunidad de consentir (mayores de 18 a\u00f1os) o de asentir (menores de 18 a\u00f1os) sobre el acompa\u00f1amiento y la posibilidad de cambiar de opini\u00f3n durante el proceso de atenci\u00f3n; los procesos de entrega de informaci\u00f3n, respeto a la confidencialidad, l\u00edmites respectivos; consideraciones especiales para la atenci\u00f3n de salud mental; est\u00e1ndares m\u00ednimos para el acompa\u00f1amiento; consideraciones especiales; condiciones espec\u00edficas; y medidas para la implementaci\u00f3n, tanto inmediatas, de mediano y de largo plazo.\n        <\/p>\n        <p class=\"text-dark\">\n          En Ordinario N\u00b0 2539 de 01-08-2022, la Subsecretar\u00eda de Redes Asistenciales de Ministerio de Salud instruye lineamientos de cumplimiento y fiscalizaci\u00f3n de la Ley N\u00b0 21.372, de acuerdo a lo se\u00f1alado en la Norma T\u00e9cnica y Administrativa, precisando que \u201csu implementaci\u00f3n debe ser progresiva y teniendo en cuenta la situaci\u00f3n de cada establecimiento\u201d. En el documento, se refuerzan los puntos m\u00ednimos a considerar dentro de los primeros 18 meses desde la publicaci\u00f3n de la ley, que se cumplieron en abril de 2023.\n        <\/p>\n        <p class=\"text-dark\">\n          Entendiendo que la implementaci\u00f3n de esta ley es gradual, acorde a los recursos de personal, infraestructura, equipamiento y mobiliario de cada establecimiento, el <strong>Hospital Base Valdivia (HBV)<\/strong> ir\u00e1 adoptando las medidas que le permitan dar cumplimiento a la Ley, para favorecer el acompa\u00f1amiento m\u00e1s prolongado y digno a este grupo de pacientes.\n        <\/p>\n      <\/div>\n    <\/div>\n\n    <div class=\"card border-primary border-2 rounded-4 mb-5\">\n      <div class=\"card-body p-4\">\n        <h5 class=\"fw-bold text-primary mb-3\">Procedimiento de acompa\u00f1amiento diurno y nocturno en HBV<\/h5>\n        <ul class=\"list-group list-group-flush\">\n          <li class=\"list-group-item\">\n            Acompa\u00f1amiento de 24 horas corresponde a la permanencia familiar significativa en forma voluntaria junto al ni\u00f1o\/a, adolescente, adolescente gestante hospitalizados y mujeres o personas gestantes en proceso de parto, durante el d\u00eda y la noche como derecho amparado bajo la Ley 20.584. \n            <u>La autorizaci\u00f3n, condiciones y horarios de acompa\u00f1amiento son entregados en cada \u00c1rea o Servicio cl\u00ednico de hospitalizaci\u00f3n.<\/u>\n          <\/li>\n          <li class=\"list-group-item\">\n            El ingreso del acompa\u00f1ante se realiza por calle Simpson #850, accediendo al establecimiento por el z\u00f3calo edificio H. El familiar acompa\u00f1ante debe presentar autorizaci\u00f3n al ingreso. En el caso de Neonatolog\u00eda y Partos, el ingreso se realiza por la Unidad de Emergencia de Ginecolog\u00eda y Obstetricia.\n          <\/li>\n        <\/ul>\n      <\/div>\n    <\/div>\n\n    <div class=\"card border-danger border-2 rounded-4 mb-5\">\n      <div class=\"card-body p-4\">\n        <h5 class=\"fw-bold text-danger mb-3\">Restricciones al acompa\u00f1amiento<\/h5>\n        <ul class=\"list-group list-group-flush\">\n          <li class=\"list-group-item\">\n            Cuando la madre, padre, tutor o acompa\u00f1ante significativo no cumpla con las normativas de la Unidad o ponga en peligro la recuperaci\u00f3n del NNA o gestante o la seguridad del equipo de salud.\n          <\/li>\n          <li class=\"list-group-item\">\n            Cuando el acompa\u00f1ante padezca de alguna enfermedad infecto contagiosa.\n          <\/li>\n          <li class=\"list-group-item\">\n            Cuando el acompa\u00f1ante falte al cumplimiento del reglamento interno de la instituci\u00f3n dictado en virtud de la Ley 20.584.\n          <\/li>\n          <li class=\"list-group-item\">\n            En caso de pacientes privados de libertad, se priorizar\u00e1 la seguridad del recinto asistencial, pacientes y el equipo de salud, pudiendo suspenderse el acompa\u00f1amiento en caso de observarse conductas y relaciones de riesgo o en caso de existir una limitaci\u00f3n declarada por la autoridad correspondiente.\n          <\/li>\n        <\/ul>\n        <p class=\"mt-3 text-muted fst-italic\">\n          Esta medida deber\u00e1 ser informada al acompa\u00f1ante y quedar registrada en ficha cl\u00ednica del paciente.  \n          Esta restricci\u00f3n se mantendr\u00e1 mientras subsistan estas circunstancias, pero no significa la eliminaci\u00f3n permanente del acompa\u00f1amiento.\n        <\/p>\n      <\/div>\n    <\/div>\n\n    <p class=\"text-dark\">\n      En el marco de cumplimiento de las normativas que se establecen dentro de esta Ley Mila, el HBV tambi\u00e9n ha definido los derechos y deberes que deben cumplir tanto el equipo de salud como las y los acompa\u00f1antes.\n    <\/p>\n\n    <div class=\"text-center mt-4\">\n      <a href=\"https:\/\/www.hbvaldivia.cl\/portal\/wp-content\/uploads\/2024\/06\/info-ley-mila.pdf\" \n         class=\"btn btn-primary btn-lg rounded-pill px-4\">\n        \ud83d\udcc4 M\u00e1s informaci\u00f3n\n      <\/a>\n    <\/div>\n\n  <\/div>\n<\/section>\n\t\t\t\t\t\t\t\t<\/div>\n\t\t\t\t<\/div>\n\t\t\t\t\t<\/div>\n\t\t<\/div>\n\t\t\t\t\t<\/div>\n\t\t<\/section>\n\t\t\t\t<\/div>\n\t\t","protected":false},"excerpt":{"rendered":"<p>Ley Mila (N\u00b021.372) Derecho al acompa\u00f1amiento en la atenci\u00f3n de salud La Ley N\u00b021.372, conocida como \u201cLey Mila\u201d, modifica la Ley N\u00b020.584 de \u201cDerechos y deberes del paciente\u201d, reconociendo el derecho al acompa\u00f1amiento de ni\u00f1os, ni\u00f1as y adolescentes (NNA) durante su atenci\u00f3n de salud y de mujeres o personas gestantes durante el trabajo de parto, [&hellip;]<\/p>\n","protected":false},"author":10,"featured_media":0,"parent":0,"menu_order":0,"comment_status":"closed","ping_status":"closed","template":"","meta":{"_acf_changed":false,"_uag_custom_page_level_css":"","footnotes":""},"class_list":["post-6657","page","type-page","status-publish","hentry"],"acf":[],"uagb_featured_image_src":{"full":false,"thumbnail":false,"medium":false,"medium_large":false,"large":false,"1536x1536":false,"2048x2048":false,"list_articles_thumbs":false,"slider_thumbs":false},"uagb_author_info":{"display_name":"Cristian Arrey","author_link":"https:\/\/www.hbvaldivia.cl\/portal\/index.php\/author\/cristian-arrey\/"},"uagb_comment_info":0,"uagb_excerpt":"Ley Mila (N\u00b021.372) Derecho al acompa\u00f1amiento en la atenci\u00f3n de salud La Ley N\u00b021.372, conocida como \u201cLey Mila\u201d, modifica la Ley N\u00b020.584 de \u201cDerechos y deberes del paciente\u201d, reconociendo el derecho al acompa\u00f1amiento de ni\u00f1os, ni\u00f1as y adolescentes (NNA) durante su atenci\u00f3n de salud y de mujeres o personas gestantes durante el trabajo de parto,&hellip;","_links":{"self":[{"href":"https:\/\/www.hbvaldivia.cl\/portal\/index.php\/wp-json\/wp\/v2\/pages\/6657","targetHints":{"allow":["GET"]}}],"collection":[{"href":"https:\/\/www.hbvaldivia.cl\/portal\/index.php\/wp-json\/wp\/v2\/pages"}],"about":[{"href":"https:\/\/www.hbvaldivia.cl\/portal\/index.php\/wp-json\/wp\/v2\/types\/page"}],"author":[{"embeddable":true,"href":"https:\/\/www.hbvaldivia.cl\/portal\/index.php\/wp-json\/wp\/v2\/users\/10"}],"replies":[{"embeddable":true,"href":"https:\/\/www.hbvaldivia.cl\/portal\/index.php\/wp-json\/wp\/v2\/comments?post=6657"}],"version-history":[{"count":15,"href":"https:\/\/www.hbvaldivia.cl\/portal\/index.php\/wp-json\/wp\/v2\/pages\/6657\/revisions"}],"predecessor-version":[{"id":9417,"href":"https:\/\/www.hbvaldivia.cl\/portal\/index.php\/wp-json\/wp\/v2\/pages\/6657\/revisions\/9417"}],"wp:attachment":[{"href":"https:\/\/www.hbvaldivia.cl\/portal\/index.php\/wp-json\/wp\/v2\/media?parent=6657"}],"curies":[{"name":"wp","href":"https:\/\/api.w.org\/{rel}","templated":true}]}}