{"id":5128,"date":"2023-02-06T15:38:47","date_gmt":"2023-02-06T18:38:47","guid":{"rendered":"http:\/\/10.6.206.88\/portal\/?page_id=5128"},"modified":"2025-09-04T10:24:05","modified_gmt":"2025-09-04T13:24:05","slug":"anatomia-patologica","status":"publish","type":"page","link":"https:\/\/www.hbvaldivia.cl\/portal\/index.php\/anatomia-patologica\/","title":{"rendered":""},"content":{"rendered":"\t\t<div data-elementor-type=\"wp-page\" data-elementor-id=\"5128\" class=\"elementor elementor-5128\">\n\t\t\t\t\t\t<section class=\"elementor-section elementor-top-section elementor-element elementor-element-aeaed56 elementor-section-boxed elementor-section-height-default elementor-section-height-default\" data-id=\"aeaed56\" data-element_type=\"section\">\n\t\t\t\t\t\t<div class=\"elementor-container elementor-column-gap-default\">\n\t\t\t\t\t<div class=\"elementor-column elementor-col-100 elementor-top-column elementor-element elementor-element-628aafa\" data-id=\"628aafa\" data-element_type=\"column\">\n\t\t\t<div class=\"elementor-widget-wrap elementor-element-populated\">\n\t\t\t\t\t\t<div class=\"elementor-element elementor-element-8cd7cae elementor-widget elementor-widget-text-editor\" data-id=\"8cd7cae\" data-element_type=\"widget\" data-widget_type=\"text-editor.default\">\n\t\t\t\t<div class=\"elementor-widget-container\">\n\t\t\t\t\t\t\t\t\t<section class=\"documentos-procedimientos py-5 bg-light\">\n  <div class=\"container\">\n    <h2 class=\"text-center text-primary fw-bold mb-2\">\n      Anatom\u00eda Patol\u00f3gica\n    <\/h2>\n    <h4 class=\"text-center text-dark fw-semibold mb-5\">\n      Documentos y Procedimientos\n    <\/h4>\n\n    <div class=\"row g-4\">\n\n      <div class=\"col-md-6\">\n        <div class=\"card border-0 shadow-sm h-100 rounded-4\">\n          <div class=\"card-body d-flex flex-column\">\n            <h5 class=\"card-title text-dark fw-bold\">\n              Consideraciones espec\u00edficas para la toma de muestra\n            <\/h5>\n            <p class=\"card-text text-muted flex-grow-1\">\n              Documento con detalles t\u00e9cnicos sobre las consideraciones necesarias para la correcta toma de muestras.\n            <\/p>\n            <div class=\"mt-auto text-start\">\n              <a href=\"https:\/\/www.hbvaldivia.cl\/portal\/wp-content\/uploads\/2023\/01\/Consideraciones-especificas-toma-muestra.pdf\" \n                 class=\"btn btn-outline-primary rounded-pill\">\n                \ud83d\udcc4 Leer Aqu\u00ed\n              <\/a>\n            <\/div>\n          <\/div>\n        <\/div>\n      <\/div>\n\n      <div class=\"col-md-6\">\n        <div class=\"card border-0 shadow-sm h-100 rounded-4\">\n          <div class=\"card-body d-flex flex-column\">\n            <h5 class=\"card-title text-dark fw-bold\">\n              Resoluci\u00f3n N\u00b0 012354 <br>\n              Procedimiento Toma de Muestra, Rotulaci\u00f3n, Traslado, Recepci\u00f3n y Entrega de resultados de Cariogramas y FISH\n            <\/h5>\n            <p class=\"card-text text-muted flex-grow-1\">\n              Instructivo oficial sobre el procedimiento completo para ex\u00e1menes espec\u00edficos.\n            <\/p>\n            <div class=\"mt-auto text-start\">\n              <a href=\"https:\/\/www.hbvaldivia.cl\/portal\/wp-content\/uploads\/2023\/01\/res-procedimiento-toma-muestra.pdf\" \n                 class=\"btn btn-outline-primary rounded-pill\">\n                \ud83d\udcc4 Leer Aqu\u00ed\n              <\/a>\n            <\/div>\n          <\/div>\n        <\/div>\n      <\/div>\n\n      <div class=\"col-md-6\">\n        <div class=\"card border-0 shadow-sm h-100 rounded-4\">\n          <div class=\"card-body d-flex flex-column\">\n            <h5 class=\"card-title text-dark fw-bold\">\n              Resoluci\u00f3n N\u00b0 9111 <br>\n              Procedimiento de Ex\u00e1menes de Citometr\u00eda de Flujos APA\n            <\/h5>\n            <p class=\"card-text text-muted flex-grow-1\">\n              Gu\u00eda detallada para la ejecuci\u00f3n de ex\u00e1menes de citometr\u00eda de flujos APA.\n            <\/p>\n            <div class=\"mt-auto text-start\">\n              <a href=\"https:\/\/www.hbvaldivia.cl\/portal\/wp-content\/uploads\/2023\/01\/res-procedimiento-exames-citometria-fujo-apa.pdf\" \n                 class=\"btn btn-outline-primary rounded-pill\">\n                \ud83d\udcc4 Leer Aqu\u00ed\n              <\/a>\n            <\/div>\n          <\/div>\n        <\/div>\n      <\/div>\n\n    <\/div>\n\n    <div class=\"text-center mt-5\">\n      <a href=\"https:\/\/www.hbvaldivia.cl\" class=\"btn btn-secondary rounded-pill px-4\">\n        \u2b05\ufe0f Volver\n      <\/a>\n    <\/div>\n  <\/div>\n<\/section>\n\t\t\t\t\t\t\t\t<\/div>\n\t\t\t\t<\/div>\n\t\t\t\t\t<\/div>\n\t\t<\/div>\n\t\t\t\t\t<\/div>\n\t\t<\/section>\n\t\t\t\t<\/div>\n\t\t","protected":false},"excerpt":{"rendered":"<p>Anatom\u00eda Patol\u00f3gica Documentos y Procedimientos Consideraciones espec\u00edficas para la toma de muestra Documento con detalles t\u00e9cnicos sobre las consideraciones necesarias para la correcta toma de muestras. &#x1f4c4; Leer Aqu\u00ed Resoluci\u00f3n N\u00b0 012354 Procedimiento Toma de Muestra, Rotulaci\u00f3n, Traslado, Recepci\u00f3n y Entrega de resultados de Cariogramas y FISH Instructivo oficial sobre el procedimiento completo para ex\u00e1menes [&hellip;]<\/p>\n","protected":false},"author":10,"featured_media":0,"parent":0,"menu_order":0,"comment_status":"closed","ping_status":"closed","template":"","meta":{"_acf_changed":false,"_uag_custom_page_level_css":"","footnotes":""},"class_list":["post-5128","page","type-page","status-publish","hentry"],"acf":[],"uagb_featured_image_src":{"full":false,"thumbnail":false,"medium":false,"medium_large":false,"large":false,"1536x1536":false,"2048x2048":false,"list_articles_thumbs":false,"slider_thumbs":false},"uagb_author_info":{"display_name":"Cristian Arrey","author_link":"https:\/\/www.hbvaldivia.cl\/portal\/index.php\/author\/cristian-arrey\/"},"uagb_comment_info":0,"uagb_excerpt":"Anatom\u00eda Patol\u00f3gica Documentos y Procedimientos Consideraciones espec\u00edficas para la toma de muestra Documento con detalles t\u00e9cnicos sobre las consideraciones necesarias para la correcta toma de muestras. &#x1f4c4; Leer Aqu\u00ed Resoluci\u00f3n N\u00b0 012354 Procedimiento Toma de Muestra, Rotulaci\u00f3n, Traslado, Recepci\u00f3n y Entrega de resultados de Cariogramas y FISH Instructivo oficial sobre el procedimiento completo para ex\u00e1menes&hellip;","_links":{"self":[{"href":"https:\/\/www.hbvaldivia.cl\/portal\/index.php\/wp-json\/wp\/v2\/pages\/5128","targetHints":{"allow":["GET"]}}],"collection":[{"href":"https:\/\/www.hbvaldivia.cl\/portal\/index.php\/wp-json\/wp\/v2\/pages"}],"about":[{"href":"https:\/\/www.hbvaldivia.cl\/portal\/index.php\/wp-json\/wp\/v2\/types\/page"}],"author":[{"embeddable":true,"href":"https:\/\/www.hbvaldivia.cl\/portal\/index.php\/wp-json\/wp\/v2\/users\/10"}],"replies":[{"embeddable":true,"href":"https:\/\/www.hbvaldivia.cl\/portal\/index.php\/wp-json\/wp\/v2\/comments?post=5128"}],"version-history":[{"count":46,"href":"https:\/\/www.hbvaldivia.cl\/portal\/index.php\/wp-json\/wp\/v2\/pages\/5128\/revisions"}],"predecessor-version":[{"id":9410,"href":"https:\/\/www.hbvaldivia.cl\/portal\/index.php\/wp-json\/wp\/v2\/pages\/5128\/revisions\/9410"}],"wp:attachment":[{"href":"https:\/\/www.hbvaldivia.cl\/portal\/index.php\/wp-json\/wp\/v2\/media?parent=5128"}],"curies":[{"name":"wp","href":"https:\/\/api.w.org\/{rel}","templated":true}]}}