{"id":331,"date":"2016-05-13T03:18:02","date_gmt":"2016-05-13T03:18:02","guid":{"rendered":"http:\/\/10.6.67.9\/?page_id=331"},"modified":"2016-05-13T03:18:02","modified_gmt":"2016-05-13T03:18:02","slug":"servicios","status":"publish","type":"page","link":"https:\/\/www.hbvaldivia.cl\/portal\/index.php\/servicios\/","title":{"rendered":"Servicios"},"content":{"rendered":"<p>Subdepartamento de Servicios de Urgencia<\/p>\n<p> El Servicio de Urgencia del Hospital Regional Valdivia brinda atenci\u00f3n m\u00e9dica a trav\u00e9s de un protocolo denominado \u201cSelecci\u00f3n de la Demanda\u201d. Este protocolo categoriza y prioriza las atenciones en funci\u00f3n de la condici\u00f3n de gravedad y del riesgo que presenta el paciente.<\/p>\n<p> La categorizaci\u00f3n es efectuada por personal de enfermer\u00eda altamente calificativo y su objetivo es optimizar la atenci\u00f3n identificando los pacientes por:<\/p>\n<p>&nbsp;<\/p>\n<div style=\"background-color: red; line-height: 1.4;\"><span style=\"color: #000000;\">C-1: Paciente con Riesgo Vital Inminente. Atendido en Sala de Reanimaci\u00f3n. Ser un paciente con riesgo vital implica que ni siquiera ingresa por SOME porque requiere atenci\u00f3n inmediata, muchas veces la rapidez con que se realice el procedimiento m\u00e9dico decide su sobrevivencia.<\/span><\/div>\n<div style=\"background-color: orange; line-height: 1.4;\"><span style=\"color: #000000;\">C-2: Paciente Agudo Cr\u00edtico. Su situaci\u00f3n es de potencial deterioro respiratorio, neurol\u00f3gico y\/o hemodin\u00e1mico es el paciente cuya urgencia es relativa, pero que debe ser atendido en un m\u00e1ximo de 10 a 15 minutos por el m\u00e9dico.<\/span><\/div>\n<div style=\"background-color: yellow; line-height: 1.4;\"><span style=\"color: #000000;\">C-3: Paciente Agudo No Cr\u00edtico, puede esperar para ser atendido por un m\u00e9dico. Incluso tres o m\u00e1s horas , si el flujo de pacientes C-1 y C-2 es intenso. Bajo esta categorizaci\u00f3n se trata de un paciente que, adem\u00e1s, puede concurrir como primera instancia al SAPU m\u00e1s cercano a su domicilio.<\/span><\/p>\n<div style=\"background-color: green; line-height: 1.4;\"><span style=\"color: #000000;\">C-4: Paciente de menor riesgo, que requiere atenci\u00f3n m\u00e9dica, pero no del Servicio de Urgencia. Deber\u00eda concurrir al SAPU o consultorio primario. Es un paciente que no representa urgencia alguna y cuya dolencia puede ser atendida en el consultorio m\u00e1s cercano a su domicilio. Lo recomendado es que concurra a los SAPUS, que son los Servicios de Urgencia de la Atenci\u00f3n Primaria (Gil de Castro, Angachilla, Las Animas).<\/span><\/div>\n<\/div>\n","protected":false},"excerpt":{"rendered":"<p>Subdepartamento de Servicios de Urgencia El Servicio de Urgencia del Hospital Regional Valdivia brinda atenci\u00f3n m\u00e9dica a trav\u00e9s de un protocolo denominado \u201cSelecci\u00f3n de la Demanda\u201d. Este protocolo categoriza y prioriza las atenciones en funci\u00f3n de la condici\u00f3n de gravedad y del riesgo que presenta el paciente. La categorizaci\u00f3n es efectuada por personal de enfermer\u00eda [&hellip;]<\/p>\n","protected":false},"author":1,"featured_media":0,"parent":0,"menu_order":0,"comment_status":"closed","ping_status":"closed","template":"","meta":{"_acf_changed":false,"_uag_custom_page_level_css":"","footnotes":""},"class_list":["post-331","page","type-page","status-publish","hentry"],"acf":[],"uagb_featured_image_src":{"full":false,"thumbnail":false,"medium":false,"medium_large":false,"large":false,"1536x1536":false,"2048x2048":false,"list_articles_thumbs":false,"slider_thumbs":false},"uagb_author_info":{"display_name":"@dministrador","author_link":"https:\/\/www.hbvaldivia.cl\/portal\/index.php\/author\/dministrador\/"},"uagb_comment_info":0,"uagb_excerpt":"Subdepartamento de Servicios de Urgencia El Servicio de Urgencia del Hospital Regional Valdivia brinda atenci\u00f3n m\u00e9dica a trav\u00e9s de un protocolo denominado \u201cSelecci\u00f3n de la Demanda\u201d. Este protocolo categoriza y prioriza las atenciones en funci\u00f3n de la condici\u00f3n de gravedad y del riesgo que presenta el paciente. La categorizaci\u00f3n es efectuada por personal de enfermer\u00eda&hellip;","_links":{"self":[{"href":"https:\/\/www.hbvaldivia.cl\/portal\/index.php\/wp-json\/wp\/v2\/pages\/331","targetHints":{"allow":["GET"]}}],"collection":[{"href":"https:\/\/www.hbvaldivia.cl\/portal\/index.php\/wp-json\/wp\/v2\/pages"}],"about":[{"href":"https:\/\/www.hbvaldivia.cl\/portal\/index.php\/wp-json\/wp\/v2\/types\/page"}],"author":[{"embeddable":true,"href":"https:\/\/www.hbvaldivia.cl\/portal\/index.php\/wp-json\/wp\/v2\/users\/1"}],"replies":[{"embeddable":true,"href":"https:\/\/www.hbvaldivia.cl\/portal\/index.php\/wp-json\/wp\/v2\/comments?post=331"}],"version-history":[{"count":1,"href":"https:\/\/www.hbvaldivia.cl\/portal\/index.php\/wp-json\/wp\/v2\/pages\/331\/revisions"}],"predecessor-version":[{"id":332,"href":"https:\/\/www.hbvaldivia.cl\/portal\/index.php\/wp-json\/wp\/v2\/pages\/331\/revisions\/332"}],"wp:attachment":[{"href":"https:\/\/www.hbvaldivia.cl\/portal\/index.php\/wp-json\/wp\/v2\/media?parent=331"}],"curies":[{"name":"wp","href":"https:\/\/api.w.org\/{rel}","templated":true}]}}