{"id":3309,"date":"2019-06-10T16:26:44","date_gmt":"2019-06-10T19:26:44","guid":{"rendered":"https:\/\/www.hbvaldivia.cl\/portal\/?page_id=3309"},"modified":"2019-06-19T16:31:29","modified_gmt":"2019-06-19T19:31:29","slug":"procesos-de-seleccion","status":"publish","type":"page","link":"https:\/\/www.hbvaldivia.cl\/portal\/index.php\/procesos-de-seleccion\/","title":{"rendered":"Procesos de Selecci\u00f3n"},"content":{"rendered":"\t\t<div data-elementor-type=\"wp-post\" data-elementor-id=\"3309\" class=\"elementor elementor-3309\">\n\t\t\t\t\t\t<section class=\"elementor-section elementor-top-section elementor-element elementor-element-3af5375 elementor-section-boxed elementor-section-height-default elementor-section-height-default\" data-id=\"3af5375\" data-element_type=\"section\">\n\t\t\t\t\t\t<div class=\"elementor-container elementor-column-gap-default\">\n\t\t\t\t\t<div class=\"elementor-column elementor-col-100 elementor-top-column elementor-element elementor-element-c3d2bc3\" data-id=\"c3d2bc3\" data-element_type=\"column\">\n\t\t\t<div class=\"elementor-widget-wrap elementor-element-populated\">\n\t\t\t\t\t\t<div class=\"elementor-element elementor-element-98f8f99 elementor-widget elementor-widget-accordion\" data-id=\"98f8f99\" data-element_type=\"widget\" data-widget_type=\"accordion.default\">\n\t\t\t\t<div class=\"elementor-widget-container\">\n\t\t\t\t\t\t\t<div class=\"elementor-accordion\">\n\t\t\t\t\t\t\t<div class=\"elementor-accordion-item\">\n\t\t\t\t\t<div id=\"elementor-tab-title-1601\" class=\"elementor-tab-title\" data-tab=\"1\" role=\"button\" aria-controls=\"elementor-tab-content-1601\" aria-expanded=\"false\">\n\t\t\t\t\t\t\t\t\t\t\t\t\t<span class=\"elementor-accordion-icon elementor-accordion-icon-left\" aria-hidden=\"true\">\n\t\t\t\t\t\t\t\t\t\t\t\t\t\t\t<i class=\"elementor-accordion-icon-closed fa fa-plus-square\"><\/i>\n\t\t\t\t\t\t\t\t<i class=\"elementor-accordion-icon-opened fa fa-minus-square\"><\/i>\n\t\t\t\t\t\t\t\t\t\t\t\t\t\t<\/span>\n\t\t\t\t\t\t\t\t\t\t\t\t<a class=\"elementor-accordion-title\" tabindex=\"0\">TECNICO NIVEL SUPERIOR EN ENFERMERIA PARA SERVICIO CL\u00cdNICO DE IMAGENOLOG\u00cdA HONORARIOS HOSPITAL BASE VALDIVIA<\/a>\n\t\t\t\t\t<\/div>\n\t\t\t\t\t<div id=\"elementor-tab-content-1601\" class=\"elementor-tab-content elementor-clearfix\" data-tab=\"1\" role=\"region\" aria-labelledby=\"elementor-tab-title-1601\"><p style=\"text-align: center;\">POSTULACI\u00d3N \u00daNICAMENTE EN EL PORTAL EMPLEOS P\u00daBLICOS<br \/><a href=\"http:\/\/www.empleospublicos.cl\">www.empleospublicos.cl<\/a><\/p>\n<p style=\"text-align: center;\">consultas: seleccionhbv@redsalud.gov.cl<\/p>\n<hr \/>\n<p style=\"text-align: center;\"><a href=\"https:\/\/www.hbvaldivia.cl\/portal\/wp-content\/uploads\/2019\/06\/BASES-PROCESO-DE-SELECCION-TENS-IMAGENOLOG\u00cdA-HONORARIOS-Copiar.pdf\">BASES PROCESO DE SELECCION TENS IMAGENOLOG\u00cdA HONORARIOS<\/a><\/p>\n<p style=\"text-align: center;\">Postulacion: desde 17 al 21\u00a0Junio 2019<\/p><\/div>\n\t\t\t\t<\/div>\n\t\t\t\t\t\t\t<div class=\"elementor-accordion-item\">\n\t\t\t\t\t<div id=\"elementor-tab-title-1602\" class=\"elementor-tab-title\" data-tab=\"2\" role=\"button\" aria-controls=\"elementor-tab-content-1602\" aria-expanded=\"false\">\n\t\t\t\t\t\t\t\t\t\t\t\t\t<span class=\"elementor-accordion-icon elementor-accordion-icon-left\" aria-hidden=\"true\">\n\t\t\t\t\t\t\t\t\t\t\t\t\t\t\t<i class=\"elementor-accordion-icon-closed fa fa-plus-square\"><\/i>\n\t\t\t\t\t\t\t\t<i class=\"elementor-accordion-icon-opened fa fa-minus-square\"><\/i>\n\t\t\t\t\t\t\t\t\t\t\t\t\t\t<\/span>\n\t\t\t\t\t\t\t\t\t\t\t\t<a class=\"elementor-accordion-title\" tabindex=\"0\">KINESIOLOGO(A) PARA UNIDAD DE URGENCIAS HONORARIOS HOSPITAL BASE VALDIVIA<\/a>\n\t\t\t\t\t<\/div>\n\t\t\t\t\t<div id=\"elementor-tab-content-1602\" class=\"elementor-tab-content elementor-clearfix\" data-tab=\"2\" role=\"region\" aria-labelledby=\"elementor-tab-title-1602\"><p style=\"text-align: center;\">POSTULACI\u00d3N \u00daNICAMENTE EN EL PORTAL EMPLEOS P\u00daBLICOS<br \/><a href=\"http:\/\/www.empleospublicos.cl\">www.empleospublicos.cl<\/a><\/p>\n<p style=\"text-align: center;\">consultas: seleccionhbv@redsalud.gov.cl<\/p>\n<hr \/>\n<p style=\"text-align: center;\"><a href=\"https:\/\/www.hbvaldivia.cl\/portal\/wp-content\/uploads\/2019\/06\/BASES-PROCESO-DE-SELECCION-KINESIOLOGO-DE-URGENCIAS-HONORARIOS.pdf\">BASES PROCESO DE SELECCION KINESIOLOGO DE URGENCIAS HONORARIOS<\/a><\/p>\n<p style=\"text-align: center;\">Postulacion: desde 17 al 21\u00a0Junio 2019<\/p><\/div>\n\t\t\t\t<\/div>\n\t\t\t\t\t\t\t<div class=\"elementor-accordion-item\">\n\t\t\t\t\t<div id=\"elementor-tab-title-1603\" class=\"elementor-tab-title\" data-tab=\"3\" role=\"button\" aria-controls=\"elementor-tab-content-1603\" aria-expanded=\"false\">\n\t\t\t\t\t\t\t\t\t\t\t\t\t<span class=\"elementor-accordion-icon elementor-accordion-icon-left\" aria-hidden=\"true\">\n\t\t\t\t\t\t\t\t\t\t\t\t\t\t\t<i class=\"elementor-accordion-icon-closed fa fa-plus-square\"><\/i>\n\t\t\t\t\t\t\t\t<i class=\"elementor-accordion-icon-opened fa fa-minus-square\"><\/i>\n\t\t\t\t\t\t\t\t\t\t\t\t\t\t<\/span>\n\t\t\t\t\t\t\t\t\t\t\t\t<a class=\"elementor-accordion-title\" tabindex=\"0\"> PSIC\u00d3LOGO(A) PARA PROGRAMA CHILE CRECE CONTIGO   HOSPITAL BASE VALDIVIA<\/a>\n\t\t\t\t\t<\/div>\n\t\t\t\t\t<div id=\"elementor-tab-content-1603\" class=\"elementor-tab-content elementor-clearfix\" data-tab=\"3\" role=\"region\" aria-labelledby=\"elementor-tab-title-1603\"><p style=\"text-align: center;\">POSTULACI\u00d3N \u00daNICAMENTE EN EL PORTAL EMPLEOS P\u00daBLICOS<br \/><a href=\"http:\/\/www.empleospublicos.cl\">www.empleospublicos.cl<\/a><\/p>\n<p style=\"text-align: center;\">consultas: seleccionhbv@redsalud.gov.cl<\/p>\n<hr \/>\n<p style=\"text-align: center;\"><a href=\"https:\/\/www.hbvaldivia.cl\/portal\/wp-content\/uploads\/2016\/03\/BASES-PROCESO-DE-SELECCION-PSICOLOGOA-CHCC.pdf\">BASES PROCESO DE SELECCION PSICOLOGO(A) CHCC<\/a><\/p>\n<p style=\"text-align: center;\">Postulacion: desde 10 al 16 Junio 2019<\/p><\/div>\n\t\t\t\t<\/div>\n\t\t\t\t\t\t\t<div class=\"elementor-accordion-item\">\n\t\t\t\t\t<div id=\"elementor-tab-title-1604\" class=\"elementor-tab-title\" data-tab=\"4\" role=\"button\" aria-controls=\"elementor-tab-content-1604\" aria-expanded=\"false\">\n\t\t\t\t\t\t\t\t\t\t\t\t\t<span class=\"elementor-accordion-icon elementor-accordion-icon-left\" aria-hidden=\"true\">\n\t\t\t\t\t\t\t\t\t\t\t\t\t\t\t<i class=\"elementor-accordion-icon-closed fa fa-plus-square\"><\/i>\n\t\t\t\t\t\t\t\t<i class=\"elementor-accordion-icon-opened fa fa-minus-square\"><\/i>\n\t\t\t\t\t\t\t\t\t\t\t\t\t\t<\/span>\n\t\t\t\t\t\t\t\t\t\t\t\t<a class=\"elementor-accordion-title\" tabindex=\"0\">JEFE DEPARTAMENTO GESTI\u00d3N DE LAS PERSONAS  HOSPITAL BASE VALDIVIA<\/a>\n\t\t\t\t\t<\/div>\n\t\t\t\t\t<div id=\"elementor-tab-content-1604\" class=\"elementor-tab-content elementor-clearfix\" data-tab=\"4\" role=\"region\" aria-labelledby=\"elementor-tab-title-1604\"><p style=\"text-align: center;\">POSTULACI\u00d3N \u00daNICAMENTE EN EL PORTAL EMPLEOS P\u00daBLICOS<br \/><a href=\"http:\/\/www.empleospublicos.cl\">www.empleospublicos.cl<\/a><\/p>\n<p style=\"text-align: center;\">consultas: seleccionhbv@redsalud.gov.cl<\/p>\n<hr \/>\n<p style=\"text-align: center;\"><a href=\"https:\/\/www.hbvaldivia.cl\/portal\/wp-content\/uploads\/2016\/03\/Bases-Jefe-Depto-Gestion-de-las-Personas.pdf\">Bases Jefe Depto Gestion de las Personas<\/a><\/p>\n<p style=\"text-align: center;\">Postulacion: desde 10 al 16 Junio 2019<\/p><\/div>\n\t\t\t\t<\/div>\n\t\t\t\t\t\t\t\t<\/div>\n\t\t\t\t\t\t<\/div>\n\t\t\t\t<\/div>\n\t\t\t\t\t<\/div>\n\t\t<\/div>\n\t\t\t\t\t<\/div>\n\t\t<\/section>\n\t\t\t\t<\/div>\n\t\t","protected":false},"excerpt":{"rendered":"<p>TECNICO NIVEL SUPERIOR EN ENFERMERIA PARA SERVICIO CL\u00cdNICO DE IMAGENOLOG\u00cdA HONORARIOS HOSPITAL BASE VALDIVIA POSTULACI\u00d3N \u00daNICAMENTE EN EL PORTAL EMPLEOS P\u00daBLICOS www.empleospublicos.cl consultas: seleccionhbv@redsalud.gov.cl BASES PROCESO DE SELECCION TENS IMAGENOLOG\u00cdA HONORARIOS Postulacion: desde 17 al 21&nbsp;Junio 2019 KINESIOLOGO(A) PARA UNIDAD DE URGENCIAS HONORARIOS HOSPITAL BASE VALDIVIA POSTULACI\u00d3N \u00daNICAMENTE EN EL PORTAL EMPLEOS P\u00daBLICOS www.empleospublicos.cl consultas: [&hellip;]<\/p>\n","protected":false},"author":4,"featured_media":0,"parent":0,"menu_order":0,"comment_status":"closed","ping_status":"closed","template":"","meta":{"_acf_changed":false,"_uag_custom_page_level_css":"","footnotes":""},"class_list":["post-3309","page","type-page","status-publish","hentry"],"acf":[],"uagb_featured_image_src":{"full":false,"thumbnail":false,"medium":false,"medium_large":false,"large":false,"1536x1536":false,"2048x2048":false,"list_articles_thumbs":false,"slider_thumbs":false},"uagb_author_info":{"display_name":"Recursos Humanos","author_link":"https:\/\/www.hbvaldivia.cl\/portal\/index.php\/author\/rrhh\/"},"uagb_comment_info":0,"uagb_excerpt":"TECNICO NIVEL SUPERIOR EN ENFERMERIA PARA SERVICIO CL\u00cdNICO DE IMAGENOLOG\u00cdA HONORARIOS HOSPITAL BASE VALDIVIA POSTULACI\u00d3N \u00daNICAMENTE EN EL PORTAL EMPLEOS P\u00daBLICOS www.empleospublicos.cl consultas: seleccionhbv@redsalud.gov.cl BASES PROCESO DE SELECCION TENS IMAGENOLOG\u00cdA HONORARIOS Postulacion: desde 17 al 21&nbsp;Junio 2019 KINESIOLOGO(A) PARA UNIDAD DE URGENCIAS HONORARIOS HOSPITAL BASE VALDIVIA POSTULACI\u00d3N \u00daNICAMENTE EN EL PORTAL EMPLEOS P\u00daBLICOS www.empleospublicos.cl consultas:&hellip;","_links":{"self":[{"href":"https:\/\/www.hbvaldivia.cl\/portal\/index.php\/wp-json\/wp\/v2\/pages\/3309","targetHints":{"allow":["GET"]}}],"collection":[{"href":"https:\/\/www.hbvaldivia.cl\/portal\/index.php\/wp-json\/wp\/v2\/pages"}],"about":[{"href":"https:\/\/www.hbvaldivia.cl\/portal\/index.php\/wp-json\/wp\/v2\/types\/page"}],"author":[{"embeddable":true,"href":"https:\/\/www.hbvaldivia.cl\/portal\/index.php\/wp-json\/wp\/v2\/users\/4"}],"replies":[{"embeddable":true,"href":"https:\/\/www.hbvaldivia.cl\/portal\/index.php\/wp-json\/wp\/v2\/comments?post=3309"}],"version-history":[{"count":9,"href":"https:\/\/www.hbvaldivia.cl\/portal\/index.php\/wp-json\/wp\/v2\/pages\/3309\/revisions"}],"predecessor-version":[{"id":3343,"href":"https:\/\/www.hbvaldivia.cl\/portal\/index.php\/wp-json\/wp\/v2\/pages\/3309\/revisions\/3343"}],"wp:attachment":[{"href":"https:\/\/www.hbvaldivia.cl\/portal\/index.php\/wp-json\/wp\/v2\/media?parent=3309"}],"curies":[{"name":"wp","href":"https:\/\/api.w.org\/{rel}","templated":true}]}}