{"id":2210,"date":"2017-02-08T11:31:52","date_gmt":"2017-02-08T14:31:52","guid":{"rendered":"http:\/\/www.hbvaldivia.cl\/portal\/?page_id=2210"},"modified":"2025-09-02T18:08:27","modified_gmt":"2025-09-02T21:08:27","slug":"eficiencia-energetica-en-hospital-base-valdivia","status":"publish","type":"page","link":"https:\/\/www.hbvaldivia.cl\/portal\/index.php\/eficiencia-energetica-en-hospital-base-valdivia\/","title":{"rendered":"EFICIENCIA ENERG\u00c9TICA EN HOSPITAL BASE VALDIVIA"},"content":{"rendered":"\t\t<div data-elementor-type=\"wp-page\" data-elementor-id=\"2210\" class=\"elementor elementor-2210\">\n\t\t\t\t\t\t<section class=\"elementor-section elementor-top-section elementor-element elementor-element-5acf7dcf elementor-section-boxed elementor-section-height-default elementor-section-height-default\" data-id=\"5acf7dcf\" data-element_type=\"section\">\n\t\t\t\t\t\t<div class=\"elementor-container elementor-column-gap-default\">\n\t\t\t\t\t<div class=\"elementor-column elementor-col-100 elementor-top-column elementor-element elementor-element-29c29ca1\" data-id=\"29c29ca1\" data-element_type=\"column\">\n\t\t\t<div class=\"elementor-widget-wrap elementor-element-populated\">\n\t\t\t\t\t\t<div class=\"elementor-element elementor-element-6dff97af elementor-widget elementor-widget-text-editor\" data-id=\"6dff97af\" data-element_type=\"widget\" data-widget_type=\"text-editor.default\">\n\t\t\t\t<div class=\"elementor-widget-container\">\n\t\t\t\t\t\t\t\t\t<div style=\"font-family: 'Segoe UI', Tahoma, Geneva, Verdana, sans-serif; line-height: 1.6; color: #333; max-width: 800px; margin: 0 auto; padding: 20px; background-color: #f9f9f9; border-radius: 8px; box-shadow: 0 4px 12px rgba(0,0,0,0.05);\">\n<p style=\"text-align: justify; margin-bottom: 20px;\">El <strong>Hospital Base Valdivia<\/strong> se destaca como uno de los 10 recintos hospitalarios de alta complejidad a nivel nacional, siendo un beneficiario clave del innovador **Proyecto de Eficiencia Energ\u00e9tica**.<\/p>\n<h3 style=\"color: #007bff; border-bottom: 2px solid #007bff; padding-bottom: 10px; margin-top: 30px; margin-bottom: 20px;\">Medidas Clave de la Propuesta:<\/h3>\n<ul style=\"list-style: none; padding-left: 0; margin-bottom: 20px;\">\n\t<li style=\"margin-bottom: 10px; padding-left: 25px; position: relative;\"><span style=\"color: #28a745; font-size: 1.2em; position: absolute; left: 0;\">\u2713<\/span> 11 Calderas de Condensaci\u00f3n de alta eficiencia (320 kW cada una).<\/li>\n\t<li style=\"margin-bottom: 10px; padding-left: 25px; position: relative;\"><span style=\"color: #28a745; font-size: 1.2em; position: absolute; left: 0;\">\u2713<\/span> 2 Calderas eficientes de generaci\u00f3n de vapor para Lavander\u00eda, Alimentaci\u00f3n, Esterilizaci\u00f3n y Subestaci\u00f3n 2.<\/li>\n\t<li style=\"margin-bottom: 10px; padding-left: 25px; position: relative;\"><span style=\"color: #28a745; font-size: 1.2em; position: absolute; left: 0;\">\u2713<\/span> 2 Sistemas de Termorregulaci\u00f3n Clim\u00e1tica para optimizar consumos de ACC\/ACS.<\/li>\n\t<li style=\"margin-bottom: 10px; padding-left: 25px; position: relative;\"><span style=\"color: #28a745; font-size: 1.2em; position: absolute; left: 0;\">\u2713<\/span> 500 luminarias Leds (T8), enfocadas en zonas de mayor ocupaci\u00f3n horaria.<\/li>\n\t<li style=\"margin-bottom: 10px; padding-left: 25px; position: relative;\"><span style=\"color: #28a745; font-size: 1.2em; position: absolute; left: 0;\">\u2713<\/span> 1 sistema de control integrado para ACS, ACC y generaci\u00f3n de vapor.<\/li>\n\t<li style=\"margin-bottom: 10px; padding-left: 25px; position: relative;\"><span style=\"color: #28a745; font-size: 1.2em; position: absolute; left: 0;\">\u2713<\/span> Monitorizaci\u00f3n Digital del funcionamiento de las Calderas.<\/li>\n<\/ul>\n<h3 style=\"color: #007bff; border-bottom: 2px solid #007bff; padding-bottom: 10px; margin-top: 30px; margin-bottom: 20px;\">M\u00e1s sobre el Proyecto de Eficiencia Energ\u00e9tica:<\/h3>\n<p style=\"text-align: justify; margin-bottom: 20px;\">Descubre m\u00e1s detalles en este video de YouTube: <a style=\"color: #007bff; text-decoration: none; font-weight: bold;\" href=\"https:\/\/www.youtube.com\/watch?v=-gB59bNp4lg\">Ver video aqu\u00ed<\/a><\/p>\n<p style=\"text-align: justify; margin-bottom: 20px;\">Esta iniciativa, enmarcada en el <strong>Programa de Eficiencia Energ\u00e9tica en Edificios P\u00fablicos (PEEEP)<\/strong> de la Agencia Chilena de Eficiencia Energ\u00e9tica (AChEE), busca optimizar el uso de energ\u00eda en edificaciones p\u00fablicas. En el Hospital Base Valdivia, esto se materializa con un crucial recambio en los sistemas de generaci\u00f3n de energ\u00eda (Calderas) y de iluminaci\u00f3n.<\/p>\n<p style=\"text-align: justify; margin-bottom: 20px;\">Gracias a estas mejoras, se proyecta un impresionante ahorro de <strong>11.377 MWh<\/strong>, lo que representa un <strong>44% del consumo total del Hospital<\/strong>. Adem\u00e1s, esta modernizaci\u00f3n contribuir\u00e1 significativamente a la eliminaci\u00f3n de una de las mayores fuentes de contaminaci\u00f3n en la ciudad.<\/p>\n<div style=\"text-align: center; margin-top: 30px;\">\n<p>\n\t\t<style type=\"text\/css\">\n\t\t\t#gallery-2 {\n\t\t\t\tmargin: auto;\n\t\t\t}\n\t\t\t#gallery-2 .gallery-item {\n\t\t\t\tfloat: left;\n\t\t\t\tmargin-top: 10px;\n\t\t\t\ttext-align: center;\n\t\t\t\twidth: 50%;\n\t\t\t}\n\t\t\t#gallery-2 img {\n\t\t\t\tborder: 2px solid #cfcfcf;\n\t\t\t}\n\t\t\t#gallery-2 .gallery-caption {\n\t\t\t\tmargin-left: 0;\n\t\t\t}\n\t\t\t\/* see gallery_shortcode() in wp-includes\/media.php *\/\n\t\t<\/style>\n\t\t<div id='gallery-2' class='gallery galleryid-2210 gallery-columns-2 gallery-size-list_articles_thumbs'><dl class='gallery-item'>\n\t\t\t<dt class='gallery-icon landscape'>\n\t\t\t\t<img fetchpriority=\"high\" decoding=\"async\" width=\"370\" height=\"300\" src=\"https:\/\/www.hbvaldivia.cl\/portal\/wp-content\/uploads\/2017\/02\/Calderas_hbv-370x300.png\" class=\"attachment-list_articles_thumbs size-list_articles_thumbs\" alt=\"\" \/>\n\t\t\t<\/dt><\/dl><dl class='gallery-item'>\n\t\t\t<dt class='gallery-icon landscape'>\n\t\t\t\t<img decoding=\"async\" width=\"370\" height=\"300\" src=\"https:\/\/www.hbvaldivia.cl\/portal\/wp-content\/uploads\/2017\/02\/eficiencia_energetica_hospital-370x300.jpg\" class=\"attachment-list_articles_thumbs size-list_articles_thumbs\" alt=\"\" \/>\n\t\t\t<\/dt><\/dl><br style=\"clear: both\" \/><dl class='gallery-item'>\n\t\t\t<dt class='gallery-icon landscape'>\n\t\t\t\t<img decoding=\"async\" width=\"370\" height=\"300\" src=\"https:\/\/www.hbvaldivia.cl\/portal\/wp-content\/uploads\/2017\/02\/calderas_eficiencia_energetica-370x300.jpg\" class=\"attachment-list_articles_thumbs size-list_articles_thumbs\" alt=\"\" \/>\n\t\t\t<\/dt><\/dl><dl class='gallery-item'>\n\t\t\t<dt class='gallery-icon landscape'>\n\t\t\t\t<img loading=\"lazy\" decoding=\"async\" width=\"370\" height=\"300\" src=\"https:\/\/www.hbvaldivia.cl\/portal\/wp-content\/uploads\/2017\/02\/caldera_hospital_valdivia-370x300.png\" class=\"attachment-list_articles_thumbs size-list_articles_thumbs\" alt=\"\" \/>\n\t\t\t<\/dt><\/dl><br style=\"clear: both\" \/>\n\t\t<\/div>\n<\/p>\n<\/div>\n<\/div>\t\t\t\t\t\t\t\t<\/div>\n\t\t\t\t<\/div>\n\t\t\t\t\t<\/div>\n\t\t<\/div>\n\t\t\t\t\t<\/div>\n\t\t<\/section>\n\t\t\t\t<\/div>\n\t\t","protected":false},"excerpt":{"rendered":"<p>El Hospital Base Valdivia se destaca como uno de los 10 recintos hospitalarios de alta complejidad a nivel nacional, siendo un beneficiario clave del innovador **Proyecto de Eficiencia Energ\u00e9tica**. Medidas Clave de la Propuesta: \u2713 11 Calderas de Condensaci\u00f3n de alta eficiencia (320 kW cada una). \u2713 2 Calderas eficientes de generaci\u00f3n de vapor para [&hellip;]<\/p>\n","protected":false},"author":1,"featured_media":0,"parent":0,"menu_order":0,"comment_status":"closed","ping_status":"closed","template":"","meta":{"_acf_changed":false,"_uag_custom_page_level_css":"","footnotes":""},"class_list":["post-2210","page","type-page","status-publish","hentry"],"acf":[],"uagb_featured_image_src":{"full":false,"thumbnail":false,"medium":false,"medium_large":false,"large":false,"1536x1536":false,"2048x2048":false,"list_articles_thumbs":false,"slider_thumbs":false},"uagb_author_info":{"display_name":"@dministrador","author_link":"https:\/\/www.hbvaldivia.cl\/portal\/index.php\/author\/dministrador\/"},"uagb_comment_info":0,"uagb_excerpt":"El Hospital Base Valdivia se destaca como uno de los 10 recintos hospitalarios de alta complejidad a nivel nacional, siendo un beneficiario clave del innovador **Proyecto de Eficiencia Energ\u00e9tica**. Medidas Clave de la Propuesta: \u2713 11 Calderas de Condensaci\u00f3n de alta eficiencia (320 kW cada una). \u2713 2 Calderas eficientes de generaci\u00f3n de vapor para&hellip;","_links":{"self":[{"href":"https:\/\/www.hbvaldivia.cl\/portal\/index.php\/wp-json\/wp\/v2\/pages\/2210","targetHints":{"allow":["GET"]}}],"collection":[{"href":"https:\/\/www.hbvaldivia.cl\/portal\/index.php\/wp-json\/wp\/v2\/pages"}],"about":[{"href":"https:\/\/www.hbvaldivia.cl\/portal\/index.php\/wp-json\/wp\/v2\/types\/page"}],"author":[{"embeddable":true,"href":"https:\/\/www.hbvaldivia.cl\/portal\/index.php\/wp-json\/wp\/v2\/users\/1"}],"replies":[{"embeddable":true,"href":"https:\/\/www.hbvaldivia.cl\/portal\/index.php\/wp-json\/wp\/v2\/comments?post=2210"}],"version-history":[{"count":15,"href":"https:\/\/www.hbvaldivia.cl\/portal\/index.php\/wp-json\/wp\/v2\/pages\/2210\/revisions"}],"predecessor-version":[{"id":9234,"href":"https:\/\/www.hbvaldivia.cl\/portal\/index.php\/wp-json\/wp\/v2\/pages\/2210\/revisions\/9234"}],"wp:attachment":[{"href":"https:\/\/www.hbvaldivia.cl\/portal\/index.php\/wp-json\/wp\/v2\/media?parent=2210"}],"curies":[{"name":"wp","href":"https:\/\/api.w.org\/{rel}","templated":true}]}}