{"id":2208,"date":"2017-02-08T11:36:57","date_gmt":"2017-02-08T14:36:57","guid":{"rendered":"http:\/\/www.hbvaldivia.cl\/portal\/?page_id=2208"},"modified":"2025-09-02T18:02:46","modified_gmt":"2025-09-02T21:02:46","slug":"banco-de-sangre","status":"publish","type":"page","link":"https:\/\/www.hbvaldivia.cl\/portal\/index.php\/banco-de-sangre\/","title":{"rendered":""},"content":{"rendered":"\t\t<div data-elementor-type=\"wp-page\" data-elementor-id=\"2208\" class=\"elementor elementor-2208\">\n\t\t\t\t\t\t<section class=\"elementor-section elementor-top-section elementor-element elementor-element-68e09fda elementor-section-boxed elementor-section-height-default elementor-section-height-default\" data-id=\"68e09fda\" data-element_type=\"section\">\n\t\t\t\t\t\t<div class=\"elementor-container elementor-column-gap-default\">\n\t\t\t\t\t<div class=\"elementor-column elementor-col-100 elementor-top-column elementor-element elementor-element-3cc6d880\" data-id=\"3cc6d880\" data-element_type=\"column\">\n\t\t\t<div class=\"elementor-widget-wrap elementor-element-populated\">\n\t\t\t\t\t\t<div class=\"elementor-element elementor-element-7d8b6eff elementor-widget elementor-widget-text-editor\" data-id=\"7d8b6eff\" data-element_type=\"widget\" data-widget_type=\"text-editor.default\">\n\t\t\t\t<div class=\"elementor-widget-container\">\n\t\t\t\t\t\t\t\t\t<!DOCTYPE html>\n<html lang=\"es\">\n<head>\n    <meta charset=\"UTF-8\">\n    <meta name=\"viewport\" content=\"width=device-width, initial-scale=1.0\">\n    <title>Banco de Sangre &#8211; Hospital Base Valdivia<\/title>\n    <style>\n        body {\n            font-family: -apple-system, BlinkMacSystemFont, \"Segoe UI\", Roboto, \"Helvetica Neue\", Arial, sans-serif;\n            line-height: 1.6;\n            color: #333;\n            background-color: #f4f7f9;\n            margin: 0;\n            padding: 20px;\n        }\n        .container {\n            max-width: 800px;\n            margin: auto;\n            background: #fff;\n            padding: 30px;\n            border-radius: 12px;\n            box-shadow: 0 4px 15px rgba(0, 0, 0, 0.1);\n        }\n        .section-header {\n            text-align: center;\n            margin-bottom: 20px;\n        }\n        .section-header h1 {\n            color: #d9534f;\n            font-weight: 700;\n            font-size: 2.5em;\n            margin-bottom: 0;\n        }\n        .section-header p {\n            color: #555;\n            font-size: 1.1em;\n            margin-top: 5px;\n        }\n        .content-block {\n            margin-bottom: 25px;\n        }\n        .content-block h2 {\n            color: #1993f7;\n            font-size: 1.5em;\n            font-weight: 600;\n            border-bottom: 2px solid #1993f7;\n            padding-bottom: 5px;\n            margin-bottom: 15px;\n        }\n        .content-block p {\n            text-align: justify;\n            margin-top: 0;\n        }\n        .image-container {\n            text-align: center;\n            margin: 20px 0;\n        }\n        .image-container img {\n            max-width: 100%;\n            height: auto;\n            border-radius: 8px;\n            box-shadow: 0 4px 8px rgba(0, 0, 0, 0.1);\n        }\n        .innovation-list {\n            display: flex;\n            justify-content: space-around;\n            flex-wrap: wrap;\n            margin-top: 15px;\n        }\n        .innovation-item {\n            background: #f0f8ff;\n            color: #007bff;\n            padding: 10px 20px;\n            border-radius: 20px;\n            font-weight: 500;\n            margin: 5px;\n            text-align: center;\n        }\n    <\/style>\n<\/head>\n<body>\n    <div class=\"container\">\n        <header class=\"section-header\">\n            <h1>Banco de Sangre<\/h1>\n            <p>Parte del Departamento de Apoyo Cl\u00ednico y Terap\u00e9utico del Hospital Base Valdivia<\/p>\n        <\/header>\n\n        <div class=\"image-container\">\n            <img decoding=\"async\" src=\"https:\/\/www.hbvaldivia.cl\/portal\/wp-content\/uploads\/2017\/02\/INFORMACION-BANCO-DE-SANGRE-HOSPITAL-VALDIVIA-1-1024x791.png\" alt=\"Informaci\u00f3n del Banco de Sangre del Hospital Valdivia\">\n        <\/div>\n        \n        <div class=\"content-block\">\n            <h2>Fondo de Innovaci\u00f3n para la Competitividad (Gobierno Regional de Los R\u00edos)<\/h2>\n            <p>La iniciativa se enmarca en un Proyecto FIC, que consiste en la creaci\u00f3n de una <strong>aplicaci\u00f3n m\u00f3vil (App)<\/strong> para fortalecer la relaci\u00f3n con los donantes de sangre. A trav\u00e9s de notificaciones, los donantes podr\u00e1n acceder a informaci\u00f3n relevante y actualizada sobre colectas y urgencias que requieran dadores.<\/p>\n        <\/div>\n        \n        <div class=\"image-container\">\n            <img decoding=\"async\" src=\"https:\/\/www.hbvaldivia.cl\/portal\/wp-content\/uploads\/2017\/02\/BANCO-DE-SANGRE-4-1024x768.jpg\" alt=\"Imagen del proyecto FIC\">\n        <\/div>\n\n        <div class=\"content-block\">\n            <h2>\u00c1reas de Innovaci\u00f3n<\/h2>\n            <div class=\"innovation-list\">\n                <span class=\"innovation-item\">Social<\/span>\n                <span class=\"innovation-item\">Organizacional<\/span>\n                <span class=\"innovation-item\">Tecnol\u00f3gica<\/span>\n            <\/div>\n            <p>Este proyecto busca mejorar la calidad, cantidad y oportunidad de la donaci\u00f3n de sangre y el uso de sus componentes. Adem\u00e1s de satisfacer la necesidad de transfusiones, permitir\u00e1 ofrecer una nueva prestaci\u00f3n: la <strong>terapia tisular<\/strong>.<\/p>\n        <\/div>\n\n        <div class=\"content-block\">\n            <h2>Terapia Tisular<\/h2>\n            <p>Esta t\u00e9cnica innovadora consiste en la aplicaci\u00f3n de <strong>plasma rico en factores plaquetarios de crecimiento celular<\/strong>. Aporta grandes beneficios en la recuperaci\u00f3n de pacientes con cirug\u00edas complejas, acortando sus tiempos de hospitalizaci\u00f3n, lo que reduce el impacto social y familiar y mejora la disponibilidad de camas hospitalarias.<\/p>\n        <\/div>\n    <\/div>\n<\/body>\n<\/html>\t\t\t\t\t\t\t\t<\/div>\n\t\t\t\t<\/div>\n\t\t\t\t\t<\/div>\n\t\t<\/div>\n\t\t\t\t\t<\/div>\n\t\t<\/section>\n\t\t\t\t<\/div>\n\t\t","protected":false},"excerpt":{"rendered":"<p>Banco de Sangre &#8211; Hospital Base Valdivia Banco de Sangre Parte del Departamento de Apoyo Cl\u00ednico y Terap\u00e9utico del Hospital Base Valdivia Fondo de Innovaci\u00f3n para la Competitividad (Gobierno Regional de Los R\u00edos) La iniciativa se enmarca en un Proyecto FIC, que consiste en la creaci\u00f3n de una aplicaci\u00f3n m\u00f3vil (App) para fortalecer la relaci\u00f3n [&hellip;]<\/p>\n","protected":false},"author":1,"featured_media":0,"parent":0,"menu_order":0,"comment_status":"closed","ping_status":"closed","template":"","meta":{"_acf_changed":false,"_uag_custom_page_level_css":"","footnotes":""},"class_list":["post-2208","page","type-page","status-publish","hentry"],"acf":[],"uagb_featured_image_src":{"full":false,"thumbnail":false,"medium":false,"medium_large":false,"large":false,"1536x1536":false,"2048x2048":false,"list_articles_thumbs":false,"slider_thumbs":false},"uagb_author_info":{"display_name":"@dministrador","author_link":"https:\/\/www.hbvaldivia.cl\/portal\/index.php\/author\/dministrador\/"},"uagb_comment_info":0,"uagb_excerpt":"Banco de Sangre &#8211; Hospital Base Valdivia Banco de Sangre Parte del Departamento de Apoyo Cl\u00ednico y Terap\u00e9utico del Hospital Base Valdivia Fondo de Innovaci\u00f3n para la Competitividad (Gobierno Regional de Los R\u00edos) La iniciativa se enmarca en un Proyecto FIC, que consiste en la creaci\u00f3n de una aplicaci\u00f3n m\u00f3vil (App) para fortalecer la relaci\u00f3n&hellip;","_links":{"self":[{"href":"https:\/\/www.hbvaldivia.cl\/portal\/index.php\/wp-json\/wp\/v2\/pages\/2208","targetHints":{"allow":["GET"]}}],"collection":[{"href":"https:\/\/www.hbvaldivia.cl\/portal\/index.php\/wp-json\/wp\/v2\/pages"}],"about":[{"href":"https:\/\/www.hbvaldivia.cl\/portal\/index.php\/wp-json\/wp\/v2\/types\/page"}],"author":[{"embeddable":true,"href":"https:\/\/www.hbvaldivia.cl\/portal\/index.php\/wp-json\/wp\/v2\/users\/1"}],"replies":[{"embeddable":true,"href":"https:\/\/www.hbvaldivia.cl\/portal\/index.php\/wp-json\/wp\/v2\/comments?post=2208"}],"version-history":[{"count":13,"href":"https:\/\/www.hbvaldivia.cl\/portal\/index.php\/wp-json\/wp\/v2\/pages\/2208\/revisions"}],"predecessor-version":[{"id":9230,"href":"https:\/\/www.hbvaldivia.cl\/portal\/index.php\/wp-json\/wp\/v2\/pages\/2208\/revisions\/9230"}],"wp:attachment":[{"href":"https:\/\/www.hbvaldivia.cl\/portal\/index.php\/wp-json\/wp\/v2\/media?parent=2208"}],"curies":[{"name":"wp","href":"https:\/\/api.w.org\/{rel}","templated":true}]}}