{"id":1993,"date":"2016-12-28T15:25:50","date_gmt":"2016-12-28T18:25:50","guid":{"rendered":"http:\/\/www.hbvaldivia.cl\/portal\/?page_id=1993"},"modified":"2022-01-10T13:29:11","modified_gmt":"2022-01-10T16:29:11","slug":"servicios-de-hospitalizacion","status":"publish","type":"page","link":"https:\/\/www.hbvaldivia.cl\/portal\/index.php\/servicios-de-hospitalizacion\/","title":{"rendered":"Servicios de Hospitalizaci\u00f3n"},"content":{"rendered":"<h2>\u00a0<\/h2>\n<p>\u00a0<\/p>\n<div class=\"section group\">\n<div class=\"col span_1_of_2\" style=\"min-width: 319px;\">\n<div class=\"tarjetatelefono\" style=\"min-height: 150px;\"><span style=\"color: #ff0000;\"><strong><span class=\"titulo1\">Unidad de Pacientes Cr\u00edticos Adulto <\/span><\/strong><\/span>\n<p>\u00a0<\/p>\n<p class=\"encargado1\">M\u00e9dico Jefe: Dr. Juan Granjean Retting\u00a0<\/p>\n<p class=\"encargado2\">Enfermera Jefe: Maribeth Cea<\/p>\n<p>\u00a0<\/p>\n<p><span class=\"telefono\">Fono: 632 &#8211; 263638<\/span><\/p>\n<p>\u00a0<\/p>\n<\/div>\n<\/div>\n<div class=\"col span_1_of_2\" style=\"min-width: 319px;\">\n<div class=\"tarjetatelefono\" style=\"min-height: 150px;\"><span style=\"color: #3366ff;\"><strong><span class=\"titulo1\">Servicio de Oncolog\u00eda\u00a0<\/span><\/strong><\/span>\n<p>\u00a0<\/p>\n<p class=\"encargado1\">M\u00e9dico Jefe: Mariela Silva Mu\u00f1oz\u00a0<\/p>\n<p class=\"encargado2\">Enfermera Jefe: Heidy Augsburger Morales\u00a0<\/p>\n<p>\u00a0<\/p>\n<p><span class=\"telefono\">Fono: 632 &#8211; 263575<\/span><\/p>\n<p>\u00a0<\/p>\n<\/div>\n<\/div>\n<div class=\"section group\">\n<div class=\"col span_1_of_2\" style=\"min-width: 319px;\">\n<div class=\"tarjetatelefono\" style=\"min-height: 150px;\"><span class=\"titulo1\" style=\"color: #3366ff;\"><strong>Servicio de Medicina\u00a0<\/strong><\/span>\n<p>\u00a0<\/p>\n<p class=\"encargado1\">M\u00e9dico Jefe: Dr. Paul Klee Negr\u00f3n<\/p>\n<p class=\"encargado2\">Enfermera Jefe: Claudia Campos Rivera<\/p>\n<p><span class=\"telefono\">Fono: 632 &#8211; 263519<\/span><\/p>\n<p>\u00a0<\/p>\n<\/div>\n<\/div>\n<div class=\"col span_1_of_2\" style=\"min-width: 319px;\">\n<div class=\"tarjetatelefono\" style=\"min-height: 150px;\"><strong><span class=\"titulo1\"><span style=\"color: #3366ff;\">Servicio de Hematolog\u00eda Intensiva<\/span>\u00a0<\/span><\/strong>\n<p>\u00a0<\/p>\n<p class=\"encargado1\">M\u00e9dico Jefe: Dra. Vivianne Torres Godoy\u00a0<\/p>\n<p class=\"encargado2\">Enfermera Jefe: Isabel Castro Riquelme\u00a0<\/p>\n<p><span class=\"telefono\">Fono: 632 &#8211; 683195<\/span><\/p>\n<p>\u00a0<\/p>\n<\/div>\n<\/div>\n<div class=\"section group\">\n<div class=\"col span_1_of_2\" style=\"min-width: 319px;\">\n<div class=\"tarjetatelefono\" style=\"min-height: 150px;\"><span style=\"color: #3366ff;\"><strong><span class=\"titulo1\">Servicio Psiquiatr\u00eda <\/span><\/strong><\/span>\n<p>\u00a0<\/p>\n<p class=\"encargado1\">M\u00e9dico Jefe: Dra. Veronica Norambuena Ardiles<\/p>\n<p class=\"encargado2\">Enfermera Jefe: Nancy Mira Schulz<\/p>\n<p>\u00a0<\/p>\n<p><span class=\"telefono\">Fono: <\/span><\/p>\n<p><span class=\"telefono\">Adulto: 632 &#8211; 263787<\/span><\/p>\n<p>Infantil: 632 &#8211; 263791<\/p>\n<p>\u00a0<\/p>\n<\/div>\n<\/div>\n<div class=\"col span_1_of_2\" style=\"min-width: 319px;\">\n<div class=\"tarjetatelefono\" style=\"min-height: 150px;\"><span style=\"color: #008000;\"><strong><span class=\"titulo1\">Servicio Indiferenciado M\u00e9dico Quir\u00fargico Adulto (ex Pensionado)<\/span><\/strong><\/span>\n<p>\u00a0<\/p>\n<p class=\"encargado1\">Jefe: Catherine Dur\u00e1n Lav\u00edn<\/p>\n<p class=\"encargado1\">\u00a0<\/p>\n<p><span class=\"telefono\">Fono: 632 &#8211; 263519<\/span><\/p>\n<p>\u00a0<\/p>\n<\/div>\n<p><span style=\"color: #008000;\"><strong>Servicio Indiferenciado M\u00e9dico Quir\u00fargico Adulto (Neurolog\u00eda)<\/strong><\/span><\/p>\n<p>\u00a0<\/p>\n<p class=\"encargado1\">M\u00e9dico Jefe: Dr. Ruben Leiva Hernandez\u00a0<\/p>\n<p class=\"encargado2\">Enfermera Jefe: Karen Riquelme Santana\u00a0<\/p>\n<p>\u00a0<\/p>\n<p><span class=\"telefono\">Fono: 632 &#8211; 263721<\/span><\/p>\n<p>\u00a0<\/p>\n<\/div>\n<div class=\"section group\">\n<div class=\"col span_1_of_2\" style=\"min-width: 319px;\">\n<div class=\"tarjetatelefono\" style=\"min-height: 150px;\"><span style=\"color: #008000;\"><strong><span class=\"titulo1\">Servicio Indiferenciado M\u00e9dico Quir\u00fargico Ad (Ginecolog\u00eda) y Obstetricia (Puerperio y ARO)<\/span><\/strong><\/span>\n<p>\u00a0<\/p>\n<p class=\"encargado1\">Jefe: Dr. Sergio Guzman Caracoch<\/p>\n<p class=\"encargado2\">Enfermera Jefe: Ricardo Uribe Avil\u00e9s<\/p>\n<p>\u00a0<\/p>\n<p><span class=\"telefono\">Fono: 632 &#8211; 263736<\/span><\/p>\n<p>\u00a0<\/p>\n<\/div>\n<\/div>\n<div class=\"col span_1_of_2\" style=\"min-width: 319px;\">\n<div class=\"tarjetatelefono\" style=\"min-height: 150px;\">\n<p><span style=\"color: #800000;\"><strong>Servicio Indiferenciado Quir\u00fargico (Cirug\u00eda Adulto)<\/strong><\/span><\/p>\n<p>\u00a0<\/p>\n<p class=\"encargado1\">Jefe: Dr. Pablo Mariangel Pradenas\u00a0<\/p>\n<p class=\"encargado2\">Enfermera Jefe: Carla Nilo Galindo<\/p>\n<p>\u00a0<\/p>\n<p><span class=\"telefono\">Fono: 632 &#8211; 263706<\/span><\/p>\n<p>\u00a0<\/p>\n<\/div>\n<\/div>\n<div class=\"section group\">\n<div class=\"col span_1_of_2\" style=\"min-width: 319px;\">\n<div class=\"tarjetatelefono\" style=\"min-height: 150px;\">\n<p><span style=\"color: #800000;\"><strong>Servicio Indiferenciado Quir\u00fargico Ad (Traumatolog\u00eda Adulto)<\/strong><\/span><\/p>\n<p>\u00a0<\/p>\n<p class=\"encargado1\">M\u00e9dico Jefe: Dr. Luis Grau Nu\u00f1ez<\/p>\n<p>Enfermera Jefe: Pamela Rozas Rojas<\/p>\n<p>\u00a0<\/p>\n<p><span class=\"telefono\">Fono: 632 &#8211; 263720<\/span><\/p>\n<p>\u00a0<\/p>\n<\/div>\n<\/div>\n<div class=\"section group\">\n<div class=\"col span_1_of_2\" style=\"min-width: 319px;\">\n<div class=\"tarjetatelefono\" style=\"min-height: 150px;\">\n<p><span style=\"color: #800080;\"><strong>Servicio Unidad Cuidados Intensivos Pedi\u00e1trico<\/strong>\u00a0<\/span><\/p>\n<p>\u00a0<\/p>\n<p class=\"encargado1\">M\u00e9dico Jefe: Dra. Mar\u00eda Soledad Wenzel Alvarez\u00a0<\/p>\n<p class=\"encargado2\">Matr\u00f3n Jefe: Narda Azocar Ulloa<\/p>\n<p>\u00a0<\/p>\n<p><span class=\"telefono\">Fono: 632 &#8211; 263685<\/span><\/p>\n<p>\u00a0<\/p>\n<\/div>\n<\/div>\n<div class=\"section group\">\n<div class=\"col span_1_of_2\" style=\"min-width: 319px;\">\n<div class=\"tarjetatelefono\" style=\"min-height: 150px;\"><span style=\"color: #800080;\"><strong><span class=\"titulo1\">Servicio de Neonatolog\u00eda<\/span><\/strong><\/span>\n<p>\u00a0<\/p>\n<p class=\"encargado1\">M\u00e9dico Jefe: Dra. Karen Heuser Cifuentes\u00a0<\/p>\n<p class=\"encargado2\">Enfermera Jefe: Paola Aguilar G\u00f3mez\u00a0<\/p>\n<p>\u00a0<\/p>\n<p><span class=\"telefono\">Fono: 632 &#8211; 2635 94<\/span><\/p>\n<p>\u00a0<\/p>\n<\/div>\n<\/div>\n<div class=\"col span_1_of_2\" style=\"min-width: 319px;\">\n<div class=\"tarjetatelefono\" style=\"min-height: 150px;\">\n<p><span style=\"color: #800080;\"><strong>Servicio Hemato Oncolog\u00eda Pedi\u00e1trica y M\u00e9dico Quir\u00fargico Pedi\u00e1trica<\/strong><\/span><\/p>\n<p>\u00a0<\/p>\n<p class=\"encargado1\">M\u00e9dico Jefe: Dra. Karin Grob Bedecarrtz<\/p>\n<p>Enfermera Jefe: Erika Sanchez Zapata<\/p>\n<p>\u00a0<\/p>\n<p><span class=\"telefono\">Fono: 632 &#8211; 263685<\/span><\/p>\n<\/div>\n<\/div>\n<p>\u00a0<\/p>\n<center>\n<p>\u00a0<\/p>\n<div class=\"col span_1_of_2\" style=\"min-width: 319px;\">\n<div class=\"tarjetatelefono\" style=\"min-height: 150px; text-align: left;\">\n<p><span style=\"color: #800080;\"><strong>Servicio M\u00e9dico Quir\u00fargico Pedi\u00e1trico (Cirug\u00eda Infantil)<\/strong><\/span><\/p>\n<p>\u00a0<\/p>\n<p class=\"encargado1\">M\u00e9dico Jefe: Dr. Wilson Lagos Saldias<\/p>\n<p>Enfermera Jefe: Crystal Silva Bertoglio\u00a0<\/p>\n<p>\u00a0<\/p>\n<p><span class=\"telefono\">Fono: 632 &#8211; 263906<\/span><\/p>\n<\/div>\n<\/div>\n<\/center>\n<p>\u00a0<\/p>\n<center>\n<div class=\"col span_1_of_2\" style=\"min-width: 319px;\">\n<div class=\"tarjetatelefono\" style=\"min-height: 150px; text-align: left;\">\n<p><span style=\"color: #ff0000;\"><strong>IMPORTANTE<\/strong><strong>:<\/strong><\/span> Los tel\u00e9fonos de cada Servicio\/Unidad funcionan en horario h\u00e1bil, es decir de 08:00 &#8211; 17:00 hrs.\u00a0<\/p>\n<\/div>\n<\/div>\n<\/center><\/div>\n<\/div>\n<\/div>\n<\/div>\n<\/div>\n<\/div>\n<\/div>\n\n\n<div class=\"wp-block-image\"><figure class=\"aligncenter size-large is-resized\"><img fetchpriority=\"high\" decoding=\"async\" src=\"http:\/\/10.6.206.88\/portal\/wp-content\/uploads\/2022\/01\/Tarjeta-de-jubilacion-con-notas-y-cinta-en-azul-1-1-1024x726.png\" alt=\"\" class=\"wp-image-4278\" width=\"452\" height=\"320\" srcset=\"https:\/\/www.hbvaldivia.cl\/portal\/wp-content\/uploads\/2022\/01\/Tarjeta-de-jubilacion-con-notas-y-cinta-en-azul-1-1-1024x726.png 1024w, https:\/\/www.hbvaldivia.cl\/portal\/wp-content\/uploads\/2022\/01\/Tarjeta-de-jubilacion-con-notas-y-cinta-en-azul-1-1-300x213.png 300w, https:\/\/www.hbvaldivia.cl\/portal\/wp-content\/uploads\/2022\/01\/Tarjeta-de-jubilacion-con-notas-y-cinta-en-azul-1-1-1536x1090.png 1536w, https:\/\/www.hbvaldivia.cl\/portal\/wp-content\/uploads\/2022\/01\/Tarjeta-de-jubilacion-con-notas-y-cinta-en-azul-1-1-282x200.png 282w, https:\/\/www.hbvaldivia.cl\/portal\/wp-content\/uploads\/2022\/01\/Tarjeta-de-jubilacion-con-notas-y-cinta-en-azul-1-1.png 1748w\" sizes=\"(max-width: 452px) 100vw, 452px\" \/><figcaption>Para contactar a las distintas unidades que componen el Hospital Base Valdivia, puede comunicarse con Central Telef\u00f3nica.<\/figcaption><\/figure><\/div>\n\n\n\n<p><\/p>\n","protected":false},"excerpt":{"rendered":"<p>\u00a0 \u00a0 Unidad de Pacientes Cr\u00edticos Adulto \u00a0 M\u00e9dico Jefe: Dr. Juan Granjean Retting\u00a0 Enfermera Jefe: Maribeth Cea \u00a0 Fono: 632 &#8211; 263638 \u00a0 Servicio de Oncolog\u00eda\u00a0 \u00a0 M\u00e9dico Jefe: Mariela Silva Mu\u00f1oz\u00a0 Enfermera Jefe: Heidy Augsburger Morales\u00a0 \u00a0 Fono: 632 &#8211; 263575 \u00a0 Servicio de Medicina\u00a0 \u00a0 M\u00e9dico Jefe: Dr. Paul Klee Negr\u00f3n Enfermera [&hellip;]<\/p>\n","protected":false},"author":1,"featured_media":0,"parent":0,"menu_order":0,"comment_status":"closed","ping_status":"closed","template":"","meta":{"_acf_changed":false,"_uag_custom_page_level_css":"","footnotes":""},"class_list":["post-1993","page","type-page","status-publish","hentry"],"acf":[],"uagb_featured_image_src":{"full":false,"thumbnail":false,"medium":false,"medium_large":false,"large":false,"1536x1536":false,"2048x2048":false,"list_articles_thumbs":false,"slider_thumbs":false},"uagb_author_info":{"display_name":"@dministrador","author_link":"https:\/\/www.hbvaldivia.cl\/portal\/index.php\/author\/dministrador\/"},"uagb_comment_info":0,"uagb_excerpt":"\u00a0 \u00a0 Unidad de Pacientes Cr\u00edticos Adulto \u00a0 M\u00e9dico Jefe: Dr. Juan Granjean Retting\u00a0 Enfermera Jefe: Maribeth Cea \u00a0 Fono: 632 &#8211; 263638 \u00a0 Servicio de Oncolog\u00eda\u00a0 \u00a0 M\u00e9dico Jefe: Mariela Silva Mu\u00f1oz\u00a0 Enfermera Jefe: Heidy Augsburger Morales\u00a0 \u00a0 Fono: 632 &#8211; 263575 \u00a0 Servicio de Medicina\u00a0 \u00a0 M\u00e9dico Jefe: Dr. Paul Klee Negr\u00f3n Enfermera&hellip;","_links":{"self":[{"href":"https:\/\/www.hbvaldivia.cl\/portal\/index.php\/wp-json\/wp\/v2\/pages\/1993","targetHints":{"allow":["GET"]}}],"collection":[{"href":"https:\/\/www.hbvaldivia.cl\/portal\/index.php\/wp-json\/wp\/v2\/pages"}],"about":[{"href":"https:\/\/www.hbvaldivia.cl\/portal\/index.php\/wp-json\/wp\/v2\/types\/page"}],"author":[{"embeddable":true,"href":"https:\/\/www.hbvaldivia.cl\/portal\/index.php\/wp-json\/wp\/v2\/users\/1"}],"replies":[{"embeddable":true,"href":"https:\/\/www.hbvaldivia.cl\/portal\/index.php\/wp-json\/wp\/v2\/comments?post=1993"}],"version-history":[{"count":14,"href":"https:\/\/www.hbvaldivia.cl\/portal\/index.php\/wp-json\/wp\/v2\/pages\/1993\/revisions"}],"predecessor-version":[{"id":4298,"href":"https:\/\/www.hbvaldivia.cl\/portal\/index.php\/wp-json\/wp\/v2\/pages\/1993\/revisions\/4298"}],"wp:attachment":[{"href":"https:\/\/www.hbvaldivia.cl\/portal\/index.php\/wp-json\/wp\/v2\/media?parent=1993"}],"curies":[{"name":"wp","href":"https:\/\/api.w.org\/{rel}","templated":true}]}}