{"id":1978,"date":"2016-12-28T13:22:12","date_gmt":"2016-12-28T16:22:12","guid":{"rendered":"http:\/\/www.hbvaldivia.cl\/portal\/?page_id=1978"},"modified":"2025-09-02T18:56:30","modified_gmt":"2025-09-02T21:56:30","slug":"programa-trasplante-renal","status":"publish","type":"page","link":"https:\/\/www.hbvaldivia.cl\/portal\/index.php\/programa-trasplante-renal\/","title":{"rendered":""},"content":{"rendered":"\t\t<div data-elementor-type=\"wp-page\" data-elementor-id=\"1978\" class=\"elementor elementor-1978\">\n\t\t\t\t\t\t<section class=\"elementor-section elementor-top-section elementor-element elementor-element-4ee19392 elementor-section-boxed elementor-section-height-default elementor-section-height-default\" data-id=\"4ee19392\" data-element_type=\"section\">\n\t\t\t\t\t\t<div class=\"elementor-container elementor-column-gap-default\">\n\t\t\t\t\t<div class=\"elementor-column elementor-col-100 elementor-top-column elementor-element elementor-element-7fd8e289\" data-id=\"7fd8e289\" data-element_type=\"column\">\n\t\t\t<div class=\"elementor-widget-wrap elementor-element-populated\">\n\t\t\t\t\t\t<div class=\"elementor-element elementor-element-410e26be elementor-widget elementor-widget-text-editor\" data-id=\"410e26be\" data-element_type=\"widget\" data-widget_type=\"text-editor.default\">\n\t\t\t\t<div class=\"elementor-widget-container\">\n\t\t\t\t\t\t\t\t\t\n<section class=\"trasplante py-5 bg-light\">\n  <div class=\"container\">\n\n    <div class=\"row mb-4\">\n      <div class=\"col-12\">\n        <div class=\"row mb-4\">\n      <div class=\"col-12\">\n        <div class=\"w-full\"><img decoding=\"async\" class=\"w-full h-auto object-cover\" src=\"https:\/\/www.hbvaldivia.cl\/portal\/wp-content\/uploads\/2016\/12\/banner.png\" alt=\"Banner Hospital Base Valdivia\" \/><\/div>\n    <\/div>\n    <\/div>\n\n\n    <div class=\"row mb-5 text-center\">\n      <div class=\"col-12\">\n        <h2 class=\"fw-bold text-primary\">Programa Trasplante Renal<\/h2>\n        <h4 class=\"text-muted\">Hospital Base Valdivia<\/h4>\n      <\/div>\n    <\/div>\n\n\n    <div class=\"row mb-5\">\n      <div class=\"col-12\">\n        <div class=\"card shadow-sm border-0\">\n          <div class=\"card-body p-4\">\n            <p class=\"text-justify text-secondary\">\n              El <strong>Programa de Trasplantes del Hospital de Valdivia<\/strong> se origin\u00f3 a inicios de los a\u00f1os 80 y se consolid\u00f3 con la creaci\u00f3n del \n              Laboratorio de Nefrolog\u00eda de la <strong>Universidad Austral de Chile (UACh)<\/strong>. \n              Posteriormente, en el marco de la normalizaci\u00f3n del Hospital Base Valdivia, se inici\u00f3 en 1990 el Programa de Especializaci\u00f3n en Nefrolog\u00eda, \n              incorporando a j\u00f3venes especialistas con formaci\u00f3n de post-beca en el extranjero. \n              A esto se sum\u00f3 la puesta en marcha del <strong>Laboratorio de Histocompatibilidad<\/strong> en 1997 y el desarrollo del <strong>Programa de Biopsias Renales<\/strong> desde 2001, \n              lo que consolid\u00f3 definitivamente el Programa de Trasplante Renal del hospital.\n            <\/p>\n            <p class=\"text-justify text-secondary mt-3\">\n              El primer trasplante en la ciudad de Valdivia fue realizado en 1980, lo que dio inicio dos a\u00f1os m\u00e1s tarde al \n              <strong>Programa Regional de Trasplante Renal y Donaci\u00f3n de \u00d3rganos<\/strong>, \n              que atiende receptores provenientes de la macrozona sur austral, desde Araucan\u00eda Sur hasta Magallanes.\n            <\/p>\n          <\/div>\n        <\/div>\n      <\/div>\n    <\/div>\n\n    <div class=\"row\">\n      <div class=\"col-12\">\n        <h3 class=\"fw-semibold text-center text-dark mb-4\">Programas Relacionados<\/h3>\n        <div class=\"list-group shadow-sm\">\n          <a href=\"#\" class=\"list-group-item list-group-item-action text-center fw-semibold\">\n            Programa de Procura de \u00d3rganos\n          <\/a>\n          <a href=\"#\" class=\"list-group-item list-group-item-action text-center fw-semibold\">\n            Informaci\u00f3n para el paciente\n          <\/a>\n          <a href=\"#\" class=\"list-group-item list-group-item-action text-center fw-semibold\">\n            Informaci\u00f3n para las familias\n          <\/a>\n        <\/div>\n      <\/div>\n    <\/div>\n  <\/div>\n<\/section>\n\t\t\t\t\t\t\t\t<\/div>\n\t\t\t\t<\/div>\n\t\t\t\t\t<\/div>\n\t\t<\/div>\n\t\t\t\t\t<\/div>\n\t\t<\/section>\n\t\t\t\t<\/div>\n\t\t","protected":false},"excerpt":{"rendered":"<p>Programa Trasplante Renal Hospital Base Valdivia El Programa de Trasplantes del Hospital de Valdivia se origin\u00f3 a inicios de los a\u00f1os 80 y se consolid\u00f3 con la creaci\u00f3n del Laboratorio de Nefrolog\u00eda de la Universidad Austral de Chile (UACh). Posteriormente, en el marco de la normalizaci\u00f3n del Hospital Base Valdivia, se inici\u00f3 en 1990 el [&hellip;]<\/p>\n","protected":false},"author":1,"featured_media":0,"parent":0,"menu_order":0,"comment_status":"closed","ping_status":"closed","template":"","meta":{"_acf_changed":false,"_uag_custom_page_level_css":"","footnotes":""},"class_list":["post-1978","page","type-page","status-publish","hentry"],"acf":[],"uagb_featured_image_src":{"full":false,"thumbnail":false,"medium":false,"medium_large":false,"large":false,"1536x1536":false,"2048x2048":false,"list_articles_thumbs":false,"slider_thumbs":false},"uagb_author_info":{"display_name":"@dministrador","author_link":"https:\/\/www.hbvaldivia.cl\/portal\/index.php\/author\/dministrador\/"},"uagb_comment_info":0,"uagb_excerpt":"Programa Trasplante Renal Hospital Base Valdivia El Programa de Trasplantes del Hospital de Valdivia se origin\u00f3 a inicios de los a\u00f1os 80 y se consolid\u00f3 con la creaci\u00f3n del Laboratorio de Nefrolog\u00eda de la Universidad Austral de Chile (UACh). Posteriormente, en el marco de la normalizaci\u00f3n del Hospital Base Valdivia, se inici\u00f3 en 1990 el&hellip;","_links":{"self":[{"href":"https:\/\/www.hbvaldivia.cl\/portal\/index.php\/wp-json\/wp\/v2\/pages\/1978","targetHints":{"allow":["GET"]}}],"collection":[{"href":"https:\/\/www.hbvaldivia.cl\/portal\/index.php\/wp-json\/wp\/v2\/pages"}],"about":[{"href":"https:\/\/www.hbvaldivia.cl\/portal\/index.php\/wp-json\/wp\/v2\/types\/page"}],"author":[{"embeddable":true,"href":"https:\/\/www.hbvaldivia.cl\/portal\/index.php\/wp-json\/wp\/v2\/users\/1"}],"replies":[{"embeddable":true,"href":"https:\/\/www.hbvaldivia.cl\/portal\/index.php\/wp-json\/wp\/v2\/comments?post=1978"}],"version-history":[{"count":11,"href":"https:\/\/www.hbvaldivia.cl\/portal\/index.php\/wp-json\/wp\/v2\/pages\/1978\/revisions"}],"predecessor-version":[{"id":9277,"href":"https:\/\/www.hbvaldivia.cl\/portal\/index.php\/wp-json\/wp\/v2\/pages\/1978\/revisions\/9277"}],"wp:attachment":[{"href":"https:\/\/www.hbvaldivia.cl\/portal\/index.php\/wp-json\/wp\/v2\/media?parent=1978"}],"curies":[{"name":"wp","href":"https:\/\/api.w.org\/{rel}","templated":true}]}}