{"id":1942,"date":"2016-12-28T12:14:29","date_gmt":"2016-12-28T15:14:29","guid":{"rendered":"http:\/\/www.hbvaldivia.cl\/portal\/?page_id=1942"},"modified":"2017-05-04T23:51:17","modified_gmt":"2017-05-05T02:51:17","slug":"unidad-de-oncohematologia-adulto","status":"publish","type":"page","link":"https:\/\/www.hbvaldivia.cl\/portal\/index.php\/unidad-de-oncohematologia-adulto\/","title":{"rendered":""},"content":{"rendered":"<div class=\"cuadro\"><img decoding=\"async\" class=\"banner\" src=\"https:\/\/www.hbvaldivia.cl\/portal\/wp-content\/uploads\/2016\/12\/banner.png\" \/><\/p>\n<div class=\"titulo\">\n<p>Unidad de Oncohematolog\u00eda Adulto<\/p>\n<\/div>\n<div class=\"subtitulo\">\n<p>-Quimioterapia Ambulatoria-<\/p>\n<\/div>\n<div class=\"texto\">\n<p>La Unidad de Onco-hematolog\u00eda Adulto es parte del Sub-departamento de Medicina de Hospital Base Valdivia y actualmente se ubica en el 2do piso del edificio HE, cuenta con una superficie de 207 m<sup>2\u00a0 <\/sup>y consider\u00f3 una inversi\u00f3n de FNDR de 200 millones de pesos aproximadamente.<\/p>\n<p>&nbsp;<\/p>\n<p>La remodelada Unidad brinda atenci\u00f3n a aproximadamente 18 pacientes ambulatorios diarios, entre ellos pacientes adultos y pedi\u00e1tricos, y posee una capacidad de hospitalizaci\u00f3n para 12 pacientes adultos, con un \u00edndice ocupacional de 85% aproximadamente.<\/p>\n<p>&nbsp;<\/p>\n<h3 style=\"text-align: center;\"><strong>Procedimientos realizados en la Unidad <\/strong><\/h3>\n<p><strong>\u00a0<\/strong><\/p>\n<p>&#8211; Hospitalizaci\u00f3n<\/p>\n<p>&#8211; Administraci\u00f3n de tratamientos de alta complejidad<\/p>\n<p>&#8211; Quimioterapia intratecal en pacientes adultos por hemat\u00f3logos.<\/p>\n<p>&#8211; Transfusiones ambulatorias.<\/p>\n<p>&#8211; Manejo de enfermer\u00eda de cat\u00e9ter venoso central permanente.<\/p>\n<p>&#8211; Toma de muestra sangre venosa.<\/p>\n<p>&#8211; Administraci\u00f3n de tratamientos coadyuvantes\u00a0 a la QMT<\/p>\n<p>&#8211; Administraci\u00f3n de otros tratamientos ambulatorios\u00a0 de mediana\u00a0 complejidad a pacientes no oncol\u00f3gicos, por ejemplo administraci\u00f3n de inmunoglobulina e.v, administraci\u00f3n de solumedrol y ciclofosfamida a pacientes con patolog\u00edas nefrol\u00f3gicas, administraci\u00f3n de venofer a pacientes con anemia, etc.<\/p>\n<p>&#8211; Atenci\u00f3n\u00a0 a los pacientes hemof\u00edlicos<\/p>\n<\/div>\n<\/div>\n\n\t\t<style type=\"text\/css\">\n\t\t\t#gallery-2 {\n\t\t\t\tmargin: auto;\n\t\t\t}\n\t\t\t#gallery-2 .gallery-item {\n\t\t\t\tfloat: left;\n\t\t\t\tmargin-top: 10px;\n\t\t\t\ttext-align: center;\n\t\t\t\twidth: 50%;\n\t\t\t}\n\t\t\t#gallery-2 img {\n\t\t\t\tborder: 2px solid #cfcfcf;\n\t\t\t}\n\t\t\t#gallery-2 .gallery-caption {\n\t\t\t\tmargin-left: 0;\n\t\t\t}\n\t\t\t\/* see gallery_shortcode() in wp-includes\/media.php *\/\n\t\t<\/style>\n\t\t<div id='gallery-2' class='gallery galleryid-1942 gallery-columns-2 gallery-size-list_articles_thumbs'><dl class='gallery-item'>\n\t\t\t<dt class='gallery-icon landscape'>\n\t\t\t\t<a href='https:\/\/www.hbvaldivia.cl\/portal\/wp-content\/uploads\/2016\/12\/ONCO-1-1.jpg'><img fetchpriority=\"high\" decoding=\"async\" width=\"370\" height=\"300\" src=\"https:\/\/www.hbvaldivia.cl\/portal\/wp-content\/uploads\/2016\/12\/ONCO-1-1-370x300.jpg\" class=\"attachment-list_articles_thumbs size-list_articles_thumbs\" alt=\"\" \/><\/a>\n\t\t\t<\/dt><\/dl><dl class='gallery-item'>\n\t\t\t<dt class='gallery-icon landscape'>\n\t\t\t\t<a href='https:\/\/www.hbvaldivia.cl\/portal\/wp-content\/uploads\/2016\/12\/ONCO-2-1.jpg'><img decoding=\"async\" width=\"370\" height=\"300\" src=\"https:\/\/www.hbvaldivia.cl\/portal\/wp-content\/uploads\/2016\/12\/ONCO-2-1-370x300.jpg\" class=\"attachment-list_articles_thumbs size-list_articles_thumbs\" alt=\"\" \/><\/a>\n\t\t\t<\/dt><\/dl><br style=\"clear: both\" \/><dl class='gallery-item'>\n\t\t\t<dt class='gallery-icon landscape'>\n\t\t\t\t<a href='https:\/\/www.hbvaldivia.cl\/portal\/wp-content\/uploads\/2016\/12\/ONCO-3-1.jpg'><img decoding=\"async\" width=\"370\" height=\"300\" src=\"https:\/\/www.hbvaldivia.cl\/portal\/wp-content\/uploads\/2016\/12\/ONCO-3-1-370x300.jpg\" class=\"attachment-list_articles_thumbs size-list_articles_thumbs\" alt=\"\" \/><\/a>\n\t\t\t<\/dt><\/dl><dl class='gallery-item'>\n\t\t\t<dt class='gallery-icon portrait'>\n\t\t\t\t<a href='https:\/\/www.hbvaldivia.cl\/portal\/wp-content\/uploads\/2016\/12\/ONCO-4-1.jpg'><img loading=\"lazy\" decoding=\"async\" width=\"370\" height=\"300\" src=\"https:\/\/www.hbvaldivia.cl\/portal\/wp-content\/uploads\/2016\/12\/ONCO-4-1-370x300.jpg\" class=\"attachment-list_articles_thumbs size-list_articles_thumbs\" alt=\"\" \/><\/a>\n\t\t\t<\/dt><\/dl><br style=\"clear: both\" \/>\n\t\t<\/div>\n\n<p><!--\n\n\n\n\n\n\n\n\n\n\n\n<h2 style=\"text-align: center;\">-Quimioterapia Ambulatoria-<\/h2>\n\n\n\n\n<p>La Unidad de Onco-hematolog\u00eda Adulto es parte del Sub-departamento de Medicina de Hospital Base Valdivia y actualmente se ubica en el 2do piso del edificio HE, cuenta con una superficie de 207 m<sup>2\u00a0 <\/sup>y consider\u00f3 una inversi\u00f3n de FNDR de 200 millones de pesos aproximadamente.<\/p>\n\n\n\n\n<p>&nbsp;<\/p>\n\n\n\n\n<p>La remodelada Unidad brinda atenci\u00f3n a aproximadamente 18 pacientes ambulatorios diarios, entre ellos pacientes adultos y pedi\u00e1tricos, y posee una capacidad de hospitalizaci\u00f3n para 12 pacientes adultos, con un \u00edndice ocupacional de 85% aproximadamente.<\/p>\n\n\n\n\n<p>&nbsp;<\/p>\n\n\n\n\n<h3 style=\"text-align: center;\"><strong>Procedimientos realizados en la Unidad <\/strong><\/h3>\n\n\n\n\n<p><strong>\u00a0<\/strong><\/p>\n\n\n\n\n<p>- Hospitalizaci\u00f3n<\/p>\n\n\n\n\n<p>- Administraci\u00f3n de tratamientos de alta complejidad<\/p>\n\n\n\n\n<p>- Quimioterapia intratecal en pacientes adultos por hemat\u00f3logos.<\/p>\n\n\n\n\n<p>- Transfusiones ambulatorias.<\/p>\n\n\n\n\n<p>- Manejo de enfermer\u00eda de cat\u00e9ter venoso central permanente.<\/p>\n\n\n\n\n<p>- Toma de muestra sangre venosa.<\/p>\n\n\n\n\n<p>- Administraci\u00f3n de tratamientos coadyuvantes\u00a0 a la QMT<\/p>\n\n\n\n\n<p>- Administraci\u00f3n de otros tratamientos ambulatorios\u00a0 de mediana\u00a0 complejidad a pacientes no oncol\u00f3gicos, por ejemplo administraci\u00f3n de inmunoglobulina e.v, administraci\u00f3n de solumedrol y ciclofosfamida a pacientes con patolog\u00edas nefrol\u00f3gicas, administraci\u00f3n de venofer a pacientes con anemia, etc.<\/p>\n\n\n\n\n<p>- Atenci\u00f3n\u00a0 a los pacientes hemof\u00edlicos<\/p>\n\n\n\n\n<p>&nbsp;<\/p>\n\n\n\n\n<p>&nbsp;<\/p>\n\n\n\n\n\n\n\n\n\n\n\n--><\/p>\n","protected":false},"excerpt":{"rendered":"<p>Unidad de Oncohematolog\u00eda Adulto -Quimioterapia Ambulatoria- La Unidad de Onco-hematolog\u00eda Adulto es parte del Sub-departamento de Medicina de Hospital Base Valdivia y actualmente se ubica en el 2do piso del edificio HE, cuenta con una superficie de 207 m2\u00a0 y consider\u00f3 una inversi\u00f3n de FNDR de 200 millones de pesos aproximadamente. &nbsp; La remodelada Unidad [&hellip;]<\/p>\n","protected":false},"author":1,"featured_media":0,"parent":0,"menu_order":0,"comment_status":"closed","ping_status":"closed","template":"","meta":{"_acf_changed":false,"_uag_custom_page_level_css":"","footnotes":""},"class_list":["post-1942","page","type-page","status-publish","hentry"],"acf":[],"uagb_featured_image_src":{"full":false,"thumbnail":false,"medium":false,"medium_large":false,"large":false,"1536x1536":false,"2048x2048":false,"list_articles_thumbs":false,"slider_thumbs":false},"uagb_author_info":{"display_name":"@dministrador","author_link":"https:\/\/www.hbvaldivia.cl\/portal\/index.php\/author\/dministrador\/"},"uagb_comment_info":0,"uagb_excerpt":"Unidad de Oncohematolog\u00eda Adulto -Quimioterapia Ambulatoria- La Unidad de Onco-hematolog\u00eda Adulto es parte del Sub-departamento de Medicina de Hospital Base Valdivia y actualmente se ubica en el 2do piso del edificio HE, cuenta con una superficie de 207 m2\u00a0 y consider\u00f3 una inversi\u00f3n de FNDR de 200 millones de pesos aproximadamente. &nbsp; La remodelada Unidad&hellip;","_links":{"self":[{"href":"https:\/\/www.hbvaldivia.cl\/portal\/index.php\/wp-json\/wp\/v2\/pages\/1942","targetHints":{"allow":["GET"]}}],"collection":[{"href":"https:\/\/www.hbvaldivia.cl\/portal\/index.php\/wp-json\/wp\/v2\/pages"}],"about":[{"href":"https:\/\/www.hbvaldivia.cl\/portal\/index.php\/wp-json\/wp\/v2\/types\/page"}],"author":[{"embeddable":true,"href":"https:\/\/www.hbvaldivia.cl\/portal\/index.php\/wp-json\/wp\/v2\/users\/1"}],"replies":[{"embeddable":true,"href":"https:\/\/www.hbvaldivia.cl\/portal\/index.php\/wp-json\/wp\/v2\/comments?post=1942"}],"version-history":[{"count":8,"href":"https:\/\/www.hbvaldivia.cl\/portal\/index.php\/wp-json\/wp\/v2\/pages\/1942\/revisions"}],"predecessor-version":[{"id":2421,"href":"https:\/\/www.hbvaldivia.cl\/portal\/index.php\/wp-json\/wp\/v2\/pages\/1942\/revisions\/2421"}],"wp:attachment":[{"href":"https:\/\/www.hbvaldivia.cl\/portal\/index.php\/wp-json\/wp\/v2\/media?parent=1942"}],"curies":[{"name":"wp","href":"https:\/\/api.w.org\/{rel}","templated":true}]}}