{"id":1928,"date":"2016-12-28T12:10:32","date_gmt":"2016-12-28T15:10:32","guid":{"rendered":"http:\/\/www.hbvaldivia.cl\/portal\/?page_id=1928"},"modified":"2017-05-04T23:49:29","modified_gmt":"2017-05-05T02:49:29","slug":"subdepartamento-de-oncologia-y-radioterapia","status":"publish","type":"page","link":"https:\/\/www.hbvaldivia.cl\/portal\/index.php\/subdepartamento-de-oncologia-y-radioterapia\/","title":{"rendered":""},"content":{"rendered":"<div class=\"cuadro\"><img decoding=\"async\" class=\"banner\" src=\"https:\/\/www.hbvaldivia.cl\/portal\/wp-content\/uploads\/2016\/12\/banner.png\" \/><\/p>\n<div class=\"titulo\">\n<p>Subdepartamento de Oncolog\u00eda y Radioterapia<\/p>\n<\/div>\n<div class=\"texto\">El Subdepartamento de Oncolog\u00eda y Radioterapia del Hospital Base de Valdivia es Centro de Referencia supra regional con m\u00e1s de 50 a\u00f1os de trayectoria, siendo uno de los cinco centros nacionales de Radioterapia con los que cuenta el Ministerio de Salud, y desde hace varios a\u00f1os es el principal centro de derivaci\u00f3n para pacientes con c\u00e1ncer de la zona sur del pa\u00eds, brindando atenci\u00f3n a beneficiarios de FONASA, ISAPRES y en convenio que se hallan geogr\u00e1ficamente distribuidos entre las regiones de la Araucan\u00eda y Magallanes.<\/div>\n<\/div>\n\n\t\t<style type=\"text\/css\">\n\t\t\t#gallery-2 {\n\t\t\t\tmargin: auto;\n\t\t\t}\n\t\t\t#gallery-2 .gallery-item {\n\t\t\t\tfloat: left;\n\t\t\t\tmargin-top: 10px;\n\t\t\t\ttext-align: center;\n\t\t\t\twidth: 50%;\n\t\t\t}\n\t\t\t#gallery-2 img {\n\t\t\t\tborder: 2px solid #cfcfcf;\n\t\t\t}\n\t\t\t#gallery-2 .gallery-caption {\n\t\t\t\tmargin-left: 0;\n\t\t\t}\n\t\t\t\/* see gallery_shortcode() in wp-includes\/media.php *\/\n\t\t<\/style>\n\t\t<div id='gallery-2' class='gallery galleryid-1928 gallery-columns-2 gallery-size-list_articles_thumbs'><dl class='gallery-item'>\n\t\t\t<dt class='gallery-icon landscape'>\n\t\t\t\t<a href='https:\/\/www.hbvaldivia.cl\/portal\/wp-content\/uploads\/2016\/12\/ONCO-1.jpg'><img fetchpriority=\"high\" decoding=\"async\" width=\"370\" height=\"300\" src=\"https:\/\/www.hbvaldivia.cl\/portal\/wp-content\/uploads\/2016\/12\/ONCO-1-370x300.jpg\" class=\"attachment-list_articles_thumbs size-list_articles_thumbs\" alt=\"\" \/><\/a>\n\t\t\t<\/dt><\/dl><dl class='gallery-item'>\n\t\t\t<dt class='gallery-icon landscape'>\n\t\t\t\t<a href='https:\/\/www.hbvaldivia.cl\/portal\/wp-content\/uploads\/2016\/12\/ONCO-2.jpg'><img decoding=\"async\" width=\"370\" height=\"300\" src=\"https:\/\/www.hbvaldivia.cl\/portal\/wp-content\/uploads\/2016\/12\/ONCO-2-370x300.jpg\" class=\"attachment-list_articles_thumbs size-list_articles_thumbs\" alt=\"\" \/><\/a>\n\t\t\t<\/dt><\/dl><br style=\"clear: both\" \/><dl class='gallery-item'>\n\t\t\t<dt class='gallery-icon landscape'>\n\t\t\t\t<a href='https:\/\/www.hbvaldivia.cl\/portal\/wp-content\/uploads\/2016\/12\/ONCO-3.jpg'><img decoding=\"async\" width=\"370\" height=\"300\" src=\"https:\/\/www.hbvaldivia.cl\/portal\/wp-content\/uploads\/2016\/12\/ONCO-3-370x300.jpg\" class=\"attachment-list_articles_thumbs size-list_articles_thumbs\" alt=\"\" \/><\/a>\n\t\t\t<\/dt><\/dl><dl class='gallery-item'>\n\t\t\t<dt class='gallery-icon portrait'>\n\t\t\t\t<a href='https:\/\/www.hbvaldivia.cl\/portal\/wp-content\/uploads\/2016\/12\/ONCO-4.jpg'><img loading=\"lazy\" decoding=\"async\" width=\"370\" height=\"300\" src=\"https:\/\/www.hbvaldivia.cl\/portal\/wp-content\/uploads\/2016\/12\/ONCO-4-370x300.jpg\" class=\"attachment-list_articles_thumbs size-list_articles_thumbs\" alt=\"\" \/><\/a>\n\t\t\t<\/dt><\/dl><br style=\"clear: both\" \/>\n\t\t<\/div>\n\n<p><!--\n\n\n\n\n\n\n\n\n<p style=\"text-align: justify;\">\u00a0<\/p>\n\n\n\n\n<p style=\"text-align: justify;\">El Subdepartamento de Oncolog\u00eda y Radioterapia del Hospital Base de Valdivia es Centro de Referencia supra regional con m\u00e1s de 50 a\u00f1os de trayectoria, siendo uno de los cinco centros nacionales de Radioterapia con los que cuenta el Ministerio de Salud, y desde hace varios a\u00f1os es el principal centro de derivaci\u00f3n para pacientes con c\u00e1ncer de la zona sur del pa\u00eds, brindando atenci\u00f3n a beneficiarios de FONASA, ISAPRES y en convenio que se hallan geogr\u00e1ficamente distribuidos entre las regiones de la Araucan\u00eda y Magallanes.<\/p>\n\n\n\n\n<p style=\"text-align: justify;\">\u00a0<\/p>\n\n\n\n\n<p style=\"text-align: justify;\">\u00a0<\/p>\n\n\n\n\n\n\n\n\n\n--><\/p>\n","protected":false},"excerpt":{"rendered":"<p>Subdepartamento de Oncolog\u00eda y Radioterapia El Subdepartamento de Oncolog\u00eda y Radioterapia del Hospital Base de Valdivia es Centro de Referencia supra regional con m\u00e1s de 50 a\u00f1os de trayectoria, siendo uno de los cinco centros nacionales de Radioterapia con los que cuenta el Ministerio de Salud, y desde hace varios a\u00f1os es el principal centro [&hellip;]<\/p>\n","protected":false},"author":1,"featured_media":0,"parent":0,"menu_order":0,"comment_status":"closed","ping_status":"closed","template":"","meta":{"_acf_changed":false,"_uag_custom_page_level_css":"","footnotes":""},"class_list":["post-1928","page","type-page","status-publish","hentry"],"acf":[],"uagb_featured_image_src":{"full":false,"thumbnail":false,"medium":false,"medium_large":false,"large":false,"1536x1536":false,"2048x2048":false,"list_articles_thumbs":false,"slider_thumbs":false},"uagb_author_info":{"display_name":"@dministrador","author_link":"https:\/\/www.hbvaldivia.cl\/portal\/index.php\/author\/dministrador\/"},"uagb_comment_info":0,"uagb_excerpt":"Subdepartamento de Oncolog\u00eda y Radioterapia El Subdepartamento de Oncolog\u00eda y Radioterapia del Hospital Base de Valdivia es Centro de Referencia supra regional con m\u00e1s de 50 a\u00f1os de trayectoria, siendo uno de los cinco centros nacionales de Radioterapia con los que cuenta el Ministerio de Salud, y desde hace varios a\u00f1os es el principal centro&hellip;","_links":{"self":[{"href":"https:\/\/www.hbvaldivia.cl\/portal\/index.php\/wp-json\/wp\/v2\/pages\/1928","targetHints":{"allow":["GET"]}}],"collection":[{"href":"https:\/\/www.hbvaldivia.cl\/portal\/index.php\/wp-json\/wp\/v2\/pages"}],"about":[{"href":"https:\/\/www.hbvaldivia.cl\/portal\/index.php\/wp-json\/wp\/v2\/types\/page"}],"author":[{"embeddable":true,"href":"https:\/\/www.hbvaldivia.cl\/portal\/index.php\/wp-json\/wp\/v2\/users\/1"}],"replies":[{"embeddable":true,"href":"https:\/\/www.hbvaldivia.cl\/portal\/index.php\/wp-json\/wp\/v2\/comments?post=1928"}],"version-history":[{"count":7,"href":"https:\/\/www.hbvaldivia.cl\/portal\/index.php\/wp-json\/wp\/v2\/pages\/1928\/revisions"}],"predecessor-version":[{"id":2416,"href":"https:\/\/www.hbvaldivia.cl\/portal\/index.php\/wp-json\/wp\/v2\/pages\/1928\/revisions\/2416"}],"wp:attachment":[{"href":"https:\/\/www.hbvaldivia.cl\/portal\/index.php\/wp-json\/wp\/v2\/media?parent=1928"}],"curies":[{"name":"wp","href":"https:\/\/api.w.org\/{rel}","templated":true}]}}