{"id":1703,"date":"2016-12-14T13:44:31","date_gmt":"2016-12-14T16:44:31","guid":{"rendered":"http:\/\/www.hbvaldivia.cl\/portal\/?page_id=1703"},"modified":"2025-09-15T17:21:09","modified_gmt":"2025-09-15T20:21:09","slug":"participacion-ciudadana","status":"publish","type":"page","link":"https:\/\/www.hbvaldivia.cl\/portal\/index.php\/participacion-ciudadana\/","title":{"rendered":""},"content":{"rendered":"\t\t<div data-elementor-type=\"wp-page\" data-elementor-id=\"1703\" class=\"elementor elementor-1703\">\n\t\t\t\t\t\t<section class=\"elementor-section elementor-top-section elementor-element elementor-element-3101107 elementor-section-boxed elementor-section-height-default elementor-section-height-default\" data-id=\"3101107\" data-element_type=\"section\">\n\t\t\t\t\t\t<div class=\"elementor-container elementor-column-gap-default\">\n\t\t\t\t\t<div class=\"elementor-column elementor-col-100 elementor-top-column elementor-element elementor-element-9adce79\" data-id=\"9adce79\" data-element_type=\"column\">\n\t\t\t<div class=\"elementor-widget-wrap elementor-element-populated\">\n\t\t\t\t\t\t<div class=\"elementor-element elementor-element-d786f53 elementor-widget elementor-widget-html\" data-id=\"d786f53\" data-element_type=\"widget\" data-widget_type=\"html.default\">\n\t\t\t\t<div class=\"elementor-widget-container\">\n\t\t\t\t\t\r\n<link href=\"https:\/\/cdn.jsdelivr.net\/npm\/bootstrap@5.3.3\/dist\/css\/bootstrap.min.css\" rel=\"stylesheet\">\r\n<link href=\"https:\/\/cdn.jsdelivr.net\/npm\/bootstrap-icons@1.11.3\/font\/bootstrap-icons.css\" rel=\"stylesheet\">\r\n\r\n<style>\r\n  .section-box {\r\n    background: #fff;\r\n    border-radius: 0.75rem;\r\n    box-shadow: 0 6px 18px rgba(0,0,0,.08);\r\n    padding: 2rem;\r\n  }\r\n  .card-custom {\r\n    border-radius: 0.75rem;\r\n    border: 1px solid #dee2e6;\r\n    transition: transform .25s ease, box-shadow .25s ease;\r\n  }\r\n  .card-custom:hover {\r\n    transform: translateY(-4px);\r\n    box-shadow: 0 8px 20px rgba(0,0,0,.12);\r\n  }\r\n  .card-custom h5 {\r\n    font-size: 1.05rem;\r\n    font-weight: 600;\r\n    margin-bottom: 1rem;\r\n    color: #212529;\r\n  }\r\n  .card-custom .btn {\r\n    border-radius: 0.5rem;\r\n    font-weight: 500;\r\n  }\r\n<\/style>\r\n\r\n<div class=\"container my-5\">\r\n  <div class=\"section-box\">\r\n    <h2 class=\"fw-bold text-center text-primary mb-4\">\r\n      <i class=\"bi bi-people-fill me-2\"><\/i> Participaci\u00f3n Ciudadana\r\n    <\/h2>\r\n\r\n    <div class=\"row g-4 justify-content-center\">\r\n      <div class=\"col-md-6\">\r\n        <div class=\"card-custom p-4 h-100 d-flex flex-column justify-content-between\">\r\n          <h5><i class=\"bi bi-file-earmark-pdf-fill text-danger me-2\"><\/i> Plan Participaci\u00f3n Ciudadana 2024<\/h5>\r\n          <div class=\"text-center\">\r\n            <a href=\"https:\/\/www.hbvaldivia.cl\/portal\/wp-content\/uploads\/2024\/06\/Plan-Participacion-2024.pdf\" target=\"_blank\" class=\"btn btn-primary\">\r\n              <i class=\"bi bi-download me-1\"><\/i> Descargar PDF\r\n            <\/a>\r\n          <\/div>\r\n        <\/div>\r\n      <\/div>\r\n      <div class=\"col-md-6\">\r\n        <div class=\"card-custom p-4 h-100 d-flex flex-column justify-content-between\">\r\n          <h5><i class=\"bi bi-file-earmark-pdf-fill text-danger me-2\"><\/i> Resoluci\u00f3n Plan Participaci\u00f3n Ciudadana 2024<\/h5>\r\n          <div class=\"text-center\">\r\n            <a href=\"https:\/\/www.hbvaldivia.cl\/portal\/wp-content\/uploads\/2024\/06\/Resolucion-Plan-Participacion-Ciudadana-2024.pdf\" target=\"_blank\" class=\"btn btn-primary\">\r\n              <i class=\"bi bi-download me-1\"><\/i> Descargar PDF\r\n            <\/a>\r\n          <\/div>\r\n        <\/div>\r\n      <\/div>\r\n\r\n    <\/div>\r\n  <\/div>\r\n<\/div>\r\n\t\t\t\t<\/div>\n\t\t\t\t<\/div>\n\t\t\t\t\t<\/div>\n\t\t<\/div>\n\t\t\t\t\t<\/div>\n\t\t<\/section>\n\t\t\t\t<\/div>\n\t\t","protected":false},"excerpt":{"rendered":"<p>Participaci\u00f3n Ciudadana Plan Participaci\u00f3n Ciudadana 2024 Descargar PDF Resoluci\u00f3n Plan Participaci\u00f3n Ciudadana 2024 Descargar PDF<\/p>\n","protected":false},"author":1,"featured_media":0,"parent":0,"menu_order":0,"comment_status":"closed","ping_status":"closed","template":"","meta":{"_acf_changed":false,"_uag_custom_page_level_css":"","footnotes":""},"class_list":["post-1703","page","type-page","status-publish","hentry"],"acf":[],"uagb_featured_image_src":{"full":false,"thumbnail":false,"medium":false,"medium_large":false,"large":false,"1536x1536":false,"2048x2048":false,"list_articles_thumbs":false,"slider_thumbs":false},"uagb_author_info":{"display_name":"@dministrador","author_link":"https:\/\/www.hbvaldivia.cl\/portal\/index.php\/author\/dministrador\/"},"uagb_comment_info":0,"uagb_excerpt":"Participaci\u00f3n Ciudadana Plan Participaci\u00f3n Ciudadana 2024 Descargar PDF Resoluci\u00f3n Plan Participaci\u00f3n Ciudadana 2024 Descargar PDF","_links":{"self":[{"href":"https:\/\/www.hbvaldivia.cl\/portal\/index.php\/wp-json\/wp\/v2\/pages\/1703","targetHints":{"allow":["GET"]}}],"collection":[{"href":"https:\/\/www.hbvaldivia.cl\/portal\/index.php\/wp-json\/wp\/v2\/pages"}],"about":[{"href":"https:\/\/www.hbvaldivia.cl\/portal\/index.php\/wp-json\/wp\/v2\/types\/page"}],"author":[{"embeddable":true,"href":"https:\/\/www.hbvaldivia.cl\/portal\/index.php\/wp-json\/wp\/v2\/users\/1"}],"replies":[{"embeddable":true,"href":"https:\/\/www.hbvaldivia.cl\/portal\/index.php\/wp-json\/wp\/v2\/comments?post=1703"}],"version-history":[{"count":18,"href":"https:\/\/www.hbvaldivia.cl\/portal\/index.php\/wp-json\/wp\/v2\/pages\/1703\/revisions"}],"predecessor-version":[{"id":9569,"href":"https:\/\/www.hbvaldivia.cl\/portal\/index.php\/wp-json\/wp\/v2\/pages\/1703\/revisions\/9569"}],"wp:attachment":[{"href":"https:\/\/www.hbvaldivia.cl\/portal\/index.php\/wp-json\/wp\/v2\/media?parent=1703"}],"curies":[{"name":"wp","href":"https:\/\/api.w.org\/{rel}","templated":true}]}}