{"id":10174,"date":"2025-12-12T14:17:05","date_gmt":"2025-12-12T17:17:05","guid":{"rendered":"http:\/\/10.6.206.88\/portal\/?page_id=10174"},"modified":"2026-04-10T13:01:01","modified_gmt":"2026-04-10T16:01:01","slug":"boletin","status":"publish","type":"page","link":"https:\/\/www.hbvaldivia.cl\/portal\/index.php\/boletin\/","title":{"rendered":""},"content":{"rendered":"\t\t<div data-elementor-type=\"wp-page\" data-elementor-id=\"10174\" class=\"elementor elementor-10174\">\n\t\t\t\t\t\t<section class=\"elementor-section elementor-top-section elementor-element elementor-element-44a357f elementor-section-boxed elementor-section-height-default elementor-section-height-default\" data-id=\"44a357f\" data-element_type=\"section\">\n\t\t\t\t\t\t<div class=\"elementor-container elementor-column-gap-default\">\n\t\t\t\t\t<div class=\"elementor-column elementor-col-100 elementor-top-column elementor-element elementor-element-db04e96\" data-id=\"db04e96\" data-element_type=\"column\">\n\t\t\t<div class=\"elementor-widget-wrap elementor-element-populated\">\n\t\t\t\t\t\t<div class=\"elementor-element elementor-element-e668fdc elementor-widget elementor-widget-html\" data-id=\"e668fdc\" data-element_type=\"widget\" data-widget_type=\"html.default\">\n\t\t\t\t<div class=\"elementor-widget-container\">\n\t\t\t\t\t<!DOCTYPE html>\n<html lang=\"es\">\n<head>\n  <meta charset=\"UTF-8\">\n  <meta name=\"viewport\" content=\"width=device-width, initial-scale=1\">\n\n  <title>Boletines HBV<\/title>\n\n  <!-- Bootstrap CSS -->\n  <link rel=\"stylesheet\" href=\"https:\/\/cdn.jsdelivr.net\/npm\/bootstrap@5.3.3\/dist\/css\/bootstrap.min.css\">\n\n  <!-- Bootstrap Icons -->\n  <link rel=\"stylesheet\" href=\"https:\/\/cdn.jsdelivr.net\/npm\/bootstrap-icons@1.11.3\/font\/bootstrap-icons.css\">\n\n  <style>\n    .boletin-card {\n      transition: transform .25s ease, box-shadow .25s ease;\n      border: 1px solid #e9ecef;\n      border-radius: 15px;\n    }\n    .boletin-card:hover {\n      transform: translateY(-6px);\n      box-shadow: 0 12px 28px rgba(0,0,0,0.12);\n    }\n    .pdf-icon img {\n      width: 100%;\n      height: auto;\n      border-radius: 10px;\n    }\n    .btn-view { margin-top: auto; }\n\n    .year-band {\n      width: 100%;\n      background: linear-gradient(90deg, #0d6efd 0%, #4c8dff 100%);\n      color: #fff;\n      text-align: center;\n      font-weight: 900;\n      font-size: 1.6rem;\n      letter-spacing: 2px;\n      padding: 1rem;\n      border-radius: .5rem;\n      margin: 2rem 0 1.4rem;\n      cursor: pointer;\n      border: none;\n      user-select: none;\n    }\n    .year-band i {\n      margin-left: 10px;\n    }\n  <\/style>\n<\/head>\n\n<body class=\"bg-light\">\n\n<div class=\"container py-5\">\n  <div class=\"bg-white p-5 rounded shadow-sm\">\n\n    <div class=\"text-center mb-5\">\n      <h1 class=\"fw-bold text-primary\">Boletines<\/h1>\n      <p class=\"text-muted fs-5\">\n        Revisa las ediciones del bolet\u00edn informativo del Hospital Base Valdivia.\n      <\/p>\n    <\/div>\n\n    <!-- ========================================================= -->\n    <!-- CONTENEDOR ACORDE\u00d3N -->\n    <!-- ========================================================= -->\n    <div id=\"acordeon-anios\">\n\n      <!-- ========================================================= -->\n      <!-- =============== A\u00d1O 2026 ================================ -->\n      <!-- ========================================================= -->\n\n      <button class=\"year-band\"\n        type=\"button\"\n        data-bs-toggle=\"collapse\"\n        data-bs-target=\"#bloque-2026\"\n        aria-expanded=\"true\">\n        2026 <i class=\"bi bi-chevron-up\"><\/i>\n      <\/button>\n\n      <div id=\"bloque-2026\" class=\"collapse show\" data-bs-parent=\"#acordeon-anios\">\n        <div class=\"row g-4\">\n            \n            <!-- MARZO 2026 -->\n          <div class=\"col-md-4\">\n            <div class=\"card boletin-card h-100 p-3\">\n              <div class=\"pdf-icon\">\n                <img decoding=\"async\" src=\"https:\/\/www.hbvaldivia.cl\/portal\/wp-content\/uploads\/boletines\/2026\/portada-03-2026.jpg\">\n              <\/div>\n              <div class=\"card-body text-center\">\n                <h5 class=\"card-title\">Bolet\u00edn HBV<br>Marzo<\/h5>\n                <p class=\"text-muted\">2026<\/p>\n                <a href=\"https:\/\/www.hbvaldivia.cl\/portal\/wp-content\/uploads\/boletines\/2026\/boletin-03-2026.pdf\"\n                   target=\"_blank\" class=\"btn btn-primary btn-view\">Ver documento<\/a>\n              <\/div>\n            <\/div>\n          <\/div>\n\n          <!-- FEBRERO 2026 -->\n          <div class=\"col-md-4\">\n            <div class=\"card boletin-card h-100 p-3\">\n              <div class=\"pdf-icon\">\n                <img decoding=\"async\" src=\"https:\/\/www.hbvaldivia.cl\/portal\/wp-content\/uploads\/boletines\/2026\/portada-02-2026.jpg\">\n              <\/div>\n              <div class=\"card-body text-center\">\n                <h5 class=\"card-title\">Bolet\u00edn HBV<br>Febrero<\/h5>\n                <p class=\"text-muted\">2026<\/p>\n                <a href=\"https:\/\/www.hbvaldivia.cl\/portal\/wp-content\/uploads\/boletines\/2026\/boletin-02-2026.pdf\"\n                   target=\"_blank\" class=\"btn btn-primary btn-view\">Ver documento<\/a>\n              <\/div>\n            <\/div>\n          <\/div>\n\n          <!-- ENERO 2026 -->\n          <div class=\"col-md-4\">\n            <div class=\"card boletin-card h-100 p-3\">\n              <div class=\"pdf-icon\">\n                <img decoding=\"async\" src=\"https:\/\/www.hbvaldivia.cl\/portal\/wp-content\/uploads\/boletines\/2026\/portada-01-2026.png\">\n              <\/div>\n              <div class=\"card-body text-center\">\n                <h5 class=\"card-title\">Bolet\u00edn HBV<br>Enero<\/h5>\n                <p class=\"text-muted\">2026<\/p>\n                <a href=\"https:\/\/www.hbvaldivia.cl\/portal\/wp-content\/uploads\/boletines\/2026\/boletin-01-2026.pdf\"\n                   target=\"_blank\" class=\"btn btn-primary btn-view\">Ver documento<\/a>\n              <\/div>\n            <\/div>\n          <\/div>\n\n        <\/div>\n      <\/div>\n\n\n      <!-- ========================================================= -->\n      <!-- =============== A\u00d1O 2025 ================================ -->\n      <!-- ========================================================= -->\n\n      <button class=\"year-band\"\n        type=\"button\"\n        data-bs-toggle=\"collapse\"\n        data-bs-target=\"#bloque-2025\"\n        aria-expanded=\"false\">\n        2025 <i class=\"bi bi-chevron-down\"><\/i>\n      <\/button>\n\n      <div id=\"bloque-2025\" class=\"collapse\" data-bs-parent=\"#acordeon-anios\">\n        <div class=\"row g-4\">\n\n          <!-- DICIEMBRE -->\n          <div class=\"col-md-4\">\n            <div class=\"card boletin-card h-100 p-3\">\n              <div class=\"pdf-icon\">\n                <img decoding=\"async\" src=\"https:\/\/www.hbvaldivia.cl\/portal\/wp-content\/uploads\/boletines\/2025\/portada-12-2025.png\">\n              <\/div>\n              <div class=\"card-body text-center\">\n                <h5 class=\"card-title\">Bolet\u00edn HBV<br>Diciembre<\/h5>\n                <p class=\"text-muted\">2025<\/p>\n                <a href=\"https:\/\/www.hbvaldivia.cl\/portal\/wp-content\/uploads\/boletines\/2025\/boletin-12-2025.pdf\"\n                   target=\"_blank\" class=\"btn btn-primary btn-view\">Ver documento<\/a>\n              <\/div>\n            <\/div>\n          <\/div>\n\n          <!-- NOVIEMBRE -->\n          <div class=\"col-md-4\">\n            <div class=\"card boletin-card h-100 p-3\">\n              <div class=\"pdf-icon\">\n                <img decoding=\"async\" src=\"https:\/\/www.hbvaldivia.cl\/portal\/wp-content\/uploads\/boletines\/2025\/portada-11-2025.png\">\n              <\/div>\n              <div class=\"card-body text-center\">\n                <h5 class=\"card-title\">Bolet\u00edn HBV<br>Noviembre<\/h5>\n                <p class=\"text-muted\">2025<\/p>\n                <a href=\"https:\/\/www.hbvaldivia.cl\/portal\/wp-content\/uploads\/boletines\/2025\/boletin-11-2025.pdf\"\n                   target=\"_blank\" class=\"btn btn-primary btn-view\">Ver documento<\/a>\n              <\/div>\n            <\/div>\n          <\/div>\n\n          <!-- OCTUBRE -->\n          <div class=\"col-md-4\">\n            <div class=\"card boletin-card h-100 p-3\">\n              <div class=\"pdf-icon\">\n                <img decoding=\"async\" src=\"https:\/\/www.hbvaldivia.cl\/portal\/wp-content\/uploads\/boletines\/2025\/portada-10-2025.png\">\n              <\/div>\n              <div class=\"card-body text-center\">\n                <h5 class=\"card-title\">Bolet\u00edn HBV<br>Octubre<\/h5>\n                <p class=\"text-muted\">2025<\/p>\n                <a href=\"https:\/\/www.hbvaldivia.cl\/portal\/wp-content\/uploads\/boletines\/2025\/boletin-10-2025.pdf\"\n                   target=\"_blank\" class=\"btn btn-primary btn-view\">Ver documento<\/a>\n              <\/div>\n            <\/div>\n          <\/div>\n\n          <!-- SEPTIEMBRE -->\n          <div class=\"col-md-4\">\n            <div class=\"card boletin-card h-100 p-3\">\n              <div class=\"pdf-icon\">\n                <img decoding=\"async\" src=\"https:\/\/www.hbvaldivia.cl\/portal\/wp-content\/uploads\/boletines\/2025\/portada-09-2025.png\">\n              <\/div>\n              <div class=\"card-body text-center\">\n                <h5 class=\"card-title\">Bolet\u00edn HBV<br>Septiembre<\/h5>\n                <p class=\"text-muted\">2025<\/p>\n                <a href=\"https:\/\/www.hbvaldivia.cl\/portal\/wp-content\/uploads\/boletines\/2025\/boletin-09-2025.pdf\"\n                   target=\"_blank\" class=\"btn btn-primary btn-view\">Ver documento<\/a>\n              <\/div>\n            <\/div>\n          <\/div>\n\n          <!-- AGOSTO -->\n          <div class=\"col-md-4\">\n            <div class=\"card boletin-card h-100 p-3\">\n              <div class=\"pdf-icon\">\n                <img decoding=\"async\" src=\"https:\/\/www.hbvaldivia.cl\/portal\/wp-content\/uploads\/boletines\/2025\/portada-08-2025.png\">\n              <\/div>\n              <div class=\"card-body text-center\">\n                <h5 class=\"card-title\">Bolet\u00edn HBV<br>Agosto<\/h5>\n                <p class=\"text-muted\">2025<\/p>\n                <a href=\"https:\/\/www.hbvaldivia.cl\/portal\/wp-content\/uploads\/boletines\/2025\/boletin-08-2025.pdf\"\n                   target=\"_blank\" class=\"btn btn-primary btn-view\">Ver documento<\/a>\n              <\/div>\n            <\/div>\n          <\/div>\n\n          <!-- JULIO -->\n          <div class=\"col-md-4\">\n            <div class=\"card boletin-card h-100 p-3\">\n              <div class=\"pdf-icon\">\n                <img decoding=\"async\" src=\"https:\/\/www.hbvaldivia.cl\/portal\/wp-content\/uploads\/boletines\/2025\/portada-07-2025.png\">\n              <\/div>\n              <div class=\"card-body text-center\">\n                <h5 class=\"card-title\">Bolet\u00edn HBV<br>Julio<\/h5>\n                <p class=\"text-muted\">2025<\/p>\n                <a href=\"https:\/\/www.hbvaldivia.cl\/portal\/wp-content\/uploads\/boletines\/2025\/boletin-07-2025.pdf\"\n                   target=\"_blank\" class=\"btn btn-primary btn-view\">Ver documento<\/a>\n              <\/div>\n            <\/div>\n          <\/div>\n\n          <!-- JUNIO -->\n          <div class=\"col-md-4\">\n            <div class=\"card boletin-card h-100 p-3\">\n              <div class=\"pdf-icon\">\n                <img decoding=\"async\" src=\"https:\/\/www.hbvaldivia.cl\/portal\/wp-content\/uploads\/boletines\/2025\/portada-06-2025.png\">\n              <\/div>\n              <div class=\"card-body text-center\">\n                <h5 class=\"card-title\">Bolet\u00edn HBV<br>Junio<\/h5>\n                <p class=\"text-muted\">2025<\/p>\n                <a href=\"https:\/\/www.hbvaldivia.cl\/portal\/wp-content\/uploads\/boletines\/2025\/boletin-06-2025.pdf\"\n                   target=\"_blank\" class=\"btn btn-primary btn-view\">Ver documento<\/a>\n              <\/div>\n            <\/div>\n          <\/div>\n\n          <!-- ABRIL - MAYO -->\n          <div class=\"col-md-4\">\n            <div class=\"card boletin-card h-100 p-3\">\n              <div class=\"pdf-icon\">\n                <img decoding=\"async\" src=\"https:\/\/www.hbvaldivia.cl\/portal\/wp-content\/uploads\/boletines\/2025\/portada-04-05-2025.png\">\n              <\/div>\n              <div class=\"card-body text-center\">\n                <h5 class=\"card-title\">Bolet\u00edn HBV<br>Abril - Mayo<\/h5>\n                <p class=\"text-muted\">Edici\u00f3n bimensual 2025<\/p>\n                <a href=\"https:\/\/www.hbvaldivia.cl\/portal\/wp-content\/uploads\/boletines\/2025\/boletin-04-05-2025.pdf\"\n                   target=\"_blank\" class=\"btn btn-primary btn-view\">Ver documento<\/a>\n              <\/div>\n            <\/div>\n          <\/div>\n\n        <\/div>\n      <\/div>\n\n    <\/div> <!-- cierre acorde\u00f3n -->\n\n  <\/div>\n<\/div>\n\n<!-- Bootstrap JS (necesario para collapse) -->\n<script src=\"https:\/\/cdn.jsdelivr.net\/npm\/bootstrap@5.3.3\/dist\/js\/bootstrap.bundle.min.js\"><\/script>\n\n<\/body>\n<\/html>\t\t\t\t<\/div>\n\t\t\t\t<\/div>\n\t\t\t\t\t<\/div>\n\t\t<\/div>\n\t\t\t\t\t<\/div>\n\t\t<\/section>\n\t\t\t\t<\/div>\n\t\t","protected":false},"excerpt":{"rendered":"<p>Boletines HBV Boletines Revisa las ediciones del bolet\u00edn informativo del Hospital Base Valdivia. 2026 Bolet\u00edn HBVMarzo 2026 Ver documento Bolet\u00edn HBVFebrero 2026 Ver documento Bolet\u00edn HBVEnero 2026 Ver documento 2025 Bolet\u00edn HBVDiciembre 2025 Ver documento Bolet\u00edn HBVNoviembre 2025 Ver documento Bolet\u00edn HBVOctubre 2025 Ver documento Bolet\u00edn HBVSeptiembre 2025 Ver documento Bolet\u00edn HBVAgosto 2025 Ver documento [&hellip;]<\/p>\n","protected":false},"author":10,"featured_media":0,"parent":0,"menu_order":0,"comment_status":"closed","ping_status":"closed","template":"","meta":{"_acf_changed":false,"_uag_custom_page_level_css":"","footnotes":""},"class_list":["post-10174","page","type-page","status-publish","hentry"],"acf":[],"uagb_featured_image_src":{"full":false,"thumbnail":false,"medium":false,"medium_large":false,"large":false,"1536x1536":false,"2048x2048":false,"list_articles_thumbs":false,"slider_thumbs":false},"uagb_author_info":{"display_name":"Cristian Arrey","author_link":"https:\/\/www.hbvaldivia.cl\/portal\/index.php\/author\/cristian-arrey\/"},"uagb_comment_info":0,"uagb_excerpt":"Boletines HBV Boletines Revisa las ediciones del bolet\u00edn informativo del Hospital Base Valdivia. 2026 Bolet\u00edn HBVMarzo 2026 Ver documento Bolet\u00edn HBVFebrero 2026 Ver documento Bolet\u00edn HBVEnero 2026 Ver documento 2025 Bolet\u00edn HBVDiciembre 2025 Ver documento Bolet\u00edn HBVNoviembre 2025 Ver documento Bolet\u00edn HBVOctubre 2025 Ver documento Bolet\u00edn HBVSeptiembre 2025 Ver documento Bolet\u00edn HBVAgosto 2025 Ver documento&hellip;","_links":{"self":[{"href":"https:\/\/www.hbvaldivia.cl\/portal\/index.php\/wp-json\/wp\/v2\/pages\/10174","targetHints":{"allow":["GET"]}}],"collection":[{"href":"https:\/\/www.hbvaldivia.cl\/portal\/index.php\/wp-json\/wp\/v2\/pages"}],"about":[{"href":"https:\/\/www.hbvaldivia.cl\/portal\/index.php\/wp-json\/wp\/v2\/types\/page"}],"author":[{"embeddable":true,"href":"https:\/\/www.hbvaldivia.cl\/portal\/index.php\/wp-json\/wp\/v2\/users\/10"}],"replies":[{"embeddable":true,"href":"https:\/\/www.hbvaldivia.cl\/portal\/index.php\/wp-json\/wp\/v2\/comments?post=10174"}],"version-history":[{"count":103,"href":"https:\/\/www.hbvaldivia.cl\/portal\/index.php\/wp-json\/wp\/v2\/pages\/10174\/revisions"}],"predecessor-version":[{"id":10811,"href":"https:\/\/www.hbvaldivia.cl\/portal\/index.php\/wp-json\/wp\/v2\/pages\/10174\/revisions\/10811"}],"wp:attachment":[{"href":"https:\/\/www.hbvaldivia.cl\/portal\/index.php\/wp-json\/wp\/v2\/media?parent=10174"}],"curies":[{"name":"wp","href":"https:\/\/api.w.org\/{rel}","templated":true}]}}